{"id":4053,"date":"2025-03-15T18:05:16","date_gmt":"2025-03-15T17:05:16","guid":{"rendered":"https:\/\/codisoil.com\/adblue\/goblue\/?page_id=4053"},"modified":"2025-06-18T18:26:23","modified_gmt":"2025-06-18T16:26:23","slug":"politica-de-envios","status":"publish","type":"page","link":"https:\/\/codisoil.com\/adblue\/goblue\/politica-de-envios\/","title":{"rendered":"Pol\u00edtica de Env\u00edos"},"content":{"rendered":"\n<h4 class=\"wp-block-heading\"><strong>Informaci\u00f3n de contacto<\/strong><\/h4>\n\n\n\n<p><strong>Direcci\u00f3n:<\/strong> Parque Empresarial La Finca, P.\u00ba del Club Deportivo, 1, Edificio 11, 28223, Pozuelo de Alarc\u00f3n, Madrid.<br><strong>Email:<\/strong> <a href=\"mailto:hola@codisoil.com\">hola@codisoil.com<\/a><br><strong>Contacto:<\/strong> <a href=\"https:\/\/codisoil.com\/adblue\/goblue\/contacto\/\">https:\/\/codisoil.com\/adblue\/goblue\/contacto\/<\/a><br><strong>Tel\u00e9fono:<\/strong> +34 682 693 469<br><strong>Nombre de la Empresa:<\/strong> Codisoil S.A.<br><strong>CIF:<\/strong> A-79322947<br><strong>Horario de atenci\u00f3n al cliente:<\/strong> 10:00-19:00 (Lunes \u2013 Viernes) y 10:00-14:00 (S\u00e1bados)<\/p>\n\n\n\n<hr class=\"wp-block-separator has-alpha-channel-opacity is-style-wide\"\/>\n\n\n\n<h3 class=\"wp-block-heading\"><strong>Resumen e informaci\u00f3n de env\u00edos<\/strong><\/h3>\n\n\n\n<p><strong>Hora l\u00edmite para tramitar un pedido:<\/strong> 18:00 (GMT+01:00), hora est\u00e1ndar de Europa central (Madrid).<\/p>\n\n\n\n<p><strong>Tiempo de tramitaci\u00f3n del pedido:<\/strong> 0-1 d\u00edas (de lunes a viernes).<\/p>\n\n\n\n<p><strong>Plazo de entrega:<\/strong> 1-3 d\u00edas de lunes a viernes (d\u00edas h\u00e1biles).<\/p>\n\n\n\n<hr class=\"wp-block-separator has-alpha-channel-opacity is-style-wide\"\/>\n\n\n\n<h3 class=\"wp-block-heading\"><strong>Env\u00edo del paquete<\/strong><\/h3>\n\n\n\n<p>Codisoil S.A., desde ahora \u201cCodisoil\u201d, realiza sus env\u00edos mediante sus propios medios de transporte.<\/p>\n\n\n\n<hr class=\"wp-block-separator has-alpha-channel-opacity is-style-wide\"\/>\n\n\n\n<h3 class=\"wp-block-heading\"><strong>Gastos de Env\u00edo<\/strong><\/h3>\n\n\n\n<p>Los env\u00edos se realizan exclusivamente dentro de Espa\u00f1a y <strong>no tienen coste<\/strong>.<\/p>\n\n\n\n<p>Todos los env\u00edos se realizan despu\u00e9s de la recepci\u00f3n de la transferencia bancaria (en el caso de elegir este como m\u00e9todo de pago) o cuando se confirme el pago mediante otros medios electr\u00f3nicos disponibles en la web.<\/p>\n\n\n\n<p>Los env\u00edos ser\u00e1n gestionados por los medios de transporte propios de Codisoil, considerando el contenido, tama\u00f1o y caracter\u00edsticas del paquete a enviar.<\/p>\n\n\n\n<hr class=\"wp-block-separator has-alpha-channel-opacity is-style-wide\"\/>\n\n\n\n<h3 class=\"wp-block-heading\"><strong>Plazos de entrega<\/strong><\/h3>\n\n\n\n<p>El tiempo de tramitaci\u00f3n de un pedido m\u00e1ximo es de <strong>24 horas<\/strong>.<\/p>\n\n\n\n<p>Todos los pedidos se entregan en el domicilio indicado por el cliente con un plazo de entrega que oscila entre <strong>uno y tres d\u00edas laborables<\/strong>, una vez confirmado el pago por la entidad bancaria.<\/p>\n\n\n\n<p>Los pedidos recibidos despu\u00e9s de las 18:00h [(GMT+01:00) Hora Central Europea (Madrid)] se preparar\u00e1n a la ma\u00f1ana siguiente, empezando a contar el plazo de entrega en dicho momento.<\/p>\n\n\n\n<p>Al recibir el pedido, el cliente debe verificar el buen estado del embalaje del producto. Si se detecta alguna anomal\u00eda en el mismo, deber\u00e1 hacerlo constar en la hoja de recepci\u00f3n del pedido antes de firmar su conformidad. De no hacerlo as\u00ed, renunciar\u00e1 a cualquier posible reclamaci\u00f3n en cuanto al contenido. En cualquier caso, debe comunicarlo en las <strong>24 horas siguientes<\/strong> a Codisoil para poder realizar las gestiones oportunas.<\/p>\n\n\n\n<p>En Codisoil hacemos todo lo posible para cumplir con los plazos de entrega mencionados con anterioridad. Sin embargo, al depender de factores externos, no podemos garantizar los plazos de entrega de forma absoluta.<\/p>\n","protected":false},"excerpt":{"rendered":"<p>Informaci\u00f3n de contacto Direcci\u00f3n: Parque Empresarial La Finca, P.\u00ba del Club Deportivo, 1, Edificio 11, 28223, Pozuelo de Alarc\u00f3n, Madrid.Email: hola@codisoil.comContacto: https:\/\/codisoil.com\/adblue\/goblue\/contacto\/Tel\u00e9fono: +34 682 693 469Nombre de la Empresa: Codisoil S.A.CIF: A-79322947Horario de atenci\u00f3n al cliente: 10:00-19:00 (Lunes \u2013 Viernes) y 10:00-14:00 (S\u00e1bados) Resumen e informaci\u00f3n de env\u00edos Hora l\u00edmite para tramitar un pedido: 18:00 [&hellip;]<\/p>\n","protected":false},"author":11,"featured_media":0,"parent":0,"menu_order":0,"comment_status":"closed","ping_status":"closed","template":"","meta":{"_acf_changed":false,"_joinchat":[],"footnotes":""},"class_list":["post-4053","page","type-page","status-publish","hentry"],"acf":[],"yoast_head":"<!-- This site is optimized with the Yoast SEO plugin v26.5 - https:\/\/yoast.com\/wordpress\/plugins\/seo\/ -->\n<title>Pol\u00edtica de Env\u00edos - GoBlue<\/title>\n<meta name=\"robots\" content=\"index, follow, max-snippet:-1, max-image-preview:large, max-video-preview:-1\" \/>\n<link rel=\"canonical\" href=\"https:\/\/codisoil.com\/adblue\/goblue\/politica-de-envios\/\" \/>\n<meta property=\"og:locale\" content=\"es_ES\" \/>\n<meta property=\"og:type\" content=\"article\" \/>\n<meta property=\"og:title\" content=\"Pol\u00edtica de Env\u00edos - GoBlue\" \/>\n<meta property=\"og:description\" content=\"Informaci\u00f3n de contacto Direcci\u00f3n: Parque Empresarial La Finca, P.\u00ba del Club Deportivo, 1, Edificio 11, 28223, Pozuelo de Alarc\u00f3n, Madrid.Email: hola@codisoil.comContacto: https:\/\/codisoil.com\/adblue\/goblue\/contacto\/Tel\u00e9fono: +34 682 693 469Nombre de la Empresa: Codisoil S.A.CIF: A-79322947Horario de atenci\u00f3n al cliente: 10:00-19:00 (Lunes \u2013 Viernes) y 10:00-14:00 (S\u00e1bados) Resumen e informaci\u00f3n de env\u00edos Hora l\u00edmite para tramitar un pedido: 18:00 [&hellip;]\" \/>\n<meta property=\"og:url\" content=\"https:\/\/codisoil.com\/adblue\/goblue\/politica-de-envios\/\" \/>\n<meta property=\"og:site_name\" content=\"GoBlue\" \/>\n<meta property=\"article:publisher\" content=\"https:\/\/www.facebook.com\/Codisoil\" \/>\n<meta property=\"article:modified_time\" content=\"2025-06-18T16:26:23+00:00\" \/>\n<meta name=\"twitter:card\" content=\"summary_large_image\" \/>\n<meta name=\"twitter:label1\" content=\"Tiempo de lectura\" \/>\n\t<meta name=\"twitter:data1\" content=\"2 minutos\" \/>\n<script type=\"application\/ld+json\" class=\"yoast-schema-graph\">{\"@context\":\"https:\/\/schema.org\",\"@graph\":[{\"@type\":\"WebPage\",\"@id\":\"https:\/\/codisoil.com\/adblue\/goblue\/politica-de-envios\/\",\"url\":\"https:\/\/codisoil.com\/adblue\/goblue\/politica-de-envios\/\",\"name\":\"Pol\u00edtica de Env\u00edos - GoBlue\",\"isPartOf\":{\"@id\":\"https:\/\/codisoil.com\/adblue\/goblue\/#website\"},\"datePublished\":\"2025-03-15T17:05:16+00:00\",\"dateModified\":\"2025-06-18T16:26:23+00:00\",\"breadcrumb\":{\"@id\":\"https:\/\/codisoil.com\/adblue\/goblue\/politica-de-envios\/#breadcrumb\"},\"inLanguage\":\"es\",\"potentialAction\":[{\"@type\":\"ReadAction\",\"target\":[\"https:\/\/codisoil.com\/adblue\/goblue\/politica-de-envios\/\"]}]},{\"@type\":\"BreadcrumbList\",\"@id\":\"https:\/\/codisoil.com\/adblue\/goblue\/politica-de-envios\/#breadcrumb\",\"itemListElement\":[{\"@type\":\"ListItem\",\"position\":1,\"name\":\"Portada\",\"item\":\"https:\/\/codisoil.com\/adblue\/goblue\/\"},{\"@type\":\"ListItem\",\"position\":2,\"name\":\"Pol\u00edtica de Env\u00edos\"}]},{\"@type\":\"WebSite\",\"@id\":\"https:\/\/codisoil.com\/adblue\/goblue\/#website\",\"url\":\"https:\/\/codisoil.com\/adblue\/goblue\/\",\"name\":\"GoBlue | Codisoil\",\"description\":\"\",\"publisher\":{\"@id\":\"https:\/\/codisoil.com\/adblue\/goblue\/#organization\"},\"potentialAction\":[{\"@type\":\"SearchAction\",\"target\":{\"@type\":\"EntryPoint\",\"urlTemplate\":\"https:\/\/codisoil.com\/adblue\/goblue\/?s={search_term_string}\"},\"query-input\":{\"@type\":\"PropertyValueSpecification\",\"valueRequired\":true,\"valueName\":\"search_term_string\"}}],\"inLanguage\":\"es\"},{\"@type\":\"Organization\",\"@id\":\"https:\/\/codisoil.com\/adblue\/goblue\/#organization\",\"name\":\"GoBlue - Codisoil\",\"url\":\"https:\/\/codisoil.com\/adblue\/goblue\/\",\"logo\":{\"@type\":\"ImageObject\",\"inLanguage\":\"es\",\"@id\":\"https:\/\/codisoil.com\/adblue\/goblue\/#\/schema\/logo\/image\/\",\"url\":\"https:\/\/codisoil.com\/adblue\/goblue\/wp-content\/uploads\/2021\/02\/GoBlueLogo-02.png\",\"contentUrl\":\"https:\/\/codisoil.com\/adblue\/goblue\/wp-content\/uploads\/2021\/02\/GoBlueLogo-02.png\",\"width\":1000,\"height\":500,\"caption\":\"GoBlue - Codisoil\"},\"image\":{\"@id\":\"https:\/\/codisoil.com\/adblue\/goblue\/#\/schema\/logo\/image\/\"},\"sameAs\":[\"https:\/\/www.facebook.com\/Codisoil\",\"https:\/\/www.instagram.com\/codisoil\",\"https:\/\/www.linkedin.com\/company\/codisoil\"]}]}<\/script>\n<!-- \/ Yoast SEO plugin. -->","yoast_head_json":{"title":"Pol\u00edtica de Env\u00edos - GoBlue","robots":{"index":"index","follow":"follow","max-snippet":"max-snippet:-1","max-image-preview":"max-image-preview:large","max-video-preview":"max-video-preview:-1"},"canonical":"https:\/\/codisoil.com\/adblue\/goblue\/politica-de-envios\/","og_locale":"es_ES","og_type":"article","og_title":"Pol\u00edtica de Env\u00edos - GoBlue","og_description":"Informaci\u00f3n de contacto Direcci\u00f3n: Parque Empresarial La Finca, P.\u00ba del Club Deportivo, 1, Edificio 11, 28223, Pozuelo de Alarc\u00f3n, Madrid.Email: hola@codisoil.comContacto: https:\/\/codisoil.com\/adblue\/goblue\/contacto\/Tel\u00e9fono: +34 682 693 469Nombre de la Empresa: Codisoil S.A.CIF: A-79322947Horario de atenci\u00f3n al cliente: 10:00-19:00 (Lunes \u2013 Viernes) y 10:00-14:00 (S\u00e1bados) Resumen e informaci\u00f3n de env\u00edos Hora l\u00edmite para tramitar un pedido: 18:00 [&hellip;]","og_url":"https:\/\/codisoil.com\/adblue\/goblue\/politica-de-envios\/","og_site_name":"GoBlue","article_publisher":"https:\/\/www.facebook.com\/Codisoil","article_modified_time":"2025-06-18T16:26:23+00:00","twitter_card":"summary_large_image","twitter_misc":{"Tiempo de lectura":"2 minutos"},"schema":{"@context":"https:\/\/schema.org","@graph":[{"@type":"WebPage","@id":"https:\/\/codisoil.com\/adblue\/goblue\/politica-de-envios\/","url":"https:\/\/codisoil.com\/adblue\/goblue\/politica-de-envios\/","name":"Pol\u00edtica de Env\u00edos - GoBlue","isPartOf":{"@id":"https:\/\/codisoil.com\/adblue\/goblue\/#website"},"datePublished":"2025-03-15T17:05:16+00:00","dateModified":"2025-06-18T16:26:23+00:00","breadcrumb":{"@id":"https:\/\/codisoil.com\/adblue\/goblue\/politica-de-envios\/#breadcrumb"},"inLanguage":"es","potentialAction":[{"@type":"ReadAction","target":["https:\/\/codisoil.com\/adblue\/goblue\/politica-de-envios\/"]}]},{"@type":"BreadcrumbList","@id":"https:\/\/codisoil.com\/adblue\/goblue\/politica-de-envios\/#breadcrumb","itemListElement":[{"@type":"ListItem","position":1,"name":"Portada","item":"https:\/\/codisoil.com\/adblue\/goblue\/"},{"@type":"ListItem","position":2,"name":"Pol\u00edtica de Env\u00edos"}]},{"@type":"WebSite","@id":"https:\/\/codisoil.com\/adblue\/goblue\/#website","url":"https:\/\/codisoil.com\/adblue\/goblue\/","name":"GoBlue | Codisoil","description":"","publisher":{"@id":"https:\/\/codisoil.com\/adblue\/goblue\/#organization"},"potentialAction":[{"@type":"SearchAction","target":{"@type":"EntryPoint","urlTemplate":"https:\/\/codisoil.com\/adblue\/goblue\/?s={search_term_string}"},"query-input":{"@type":"PropertyValueSpecification","valueRequired":true,"valueName":"search_term_string"}}],"inLanguage":"es"},{"@type":"Organization","@id":"https:\/\/codisoil.com\/adblue\/goblue\/#organization","name":"GoBlue - Codisoil","url":"https:\/\/codisoil.com\/adblue\/goblue\/","logo":{"@type":"ImageObject","inLanguage":"es","@id":"https:\/\/codisoil.com\/adblue\/goblue\/#\/schema\/logo\/image\/","url":"https:\/\/codisoil.com\/adblue\/goblue\/wp-content\/uploads\/2021\/02\/GoBlueLogo-02.png","contentUrl":"https:\/\/codisoil.com\/adblue\/goblue\/wp-content\/uploads\/2021\/02\/GoBlueLogo-02.png","width":1000,"height":500,"caption":"GoBlue - Codisoil"},"image":{"@id":"https:\/\/codisoil.com\/adblue\/goblue\/#\/schema\/logo\/image\/"},"sameAs":["https:\/\/www.facebook.com\/Codisoil","https:\/\/www.instagram.com\/codisoil","https:\/\/www.linkedin.com\/company\/codisoil"]}]}},"_links":{"self":[{"href":"https:\/\/codisoil.com\/adblue\/goblue\/wp-json\/wp\/v2\/pages\/4053","targetHints":{"allow":["GET"]}}],"collection":[{"href":"https:\/\/codisoil.com\/adblue\/goblue\/wp-json\/wp\/v2\/pages"}],"about":[{"href":"https:\/\/codisoil.com\/adblue\/goblue\/wp-json\/wp\/v2\/types\/page"}],"author":[{"embeddable":true,"href":"https:\/\/codisoil.com\/adblue\/goblue\/wp-json\/wp\/v2\/users\/11"}],"replies":[{"embeddable":true,"href":"https:\/\/codisoil.com\/adblue\/goblue\/wp-json\/wp\/v2\/comments?post=4053"}],"version-history":[{"count":2,"href":"https:\/\/codisoil.com\/adblue\/goblue\/wp-json\/wp\/v2\/pages\/4053\/revisions"}],"predecessor-version":[{"id":4103,"href":"https:\/\/codisoil.com\/adblue\/goblue\/wp-json\/wp\/v2\/pages\/4053\/revisions\/4103"}],"wp:attachment":[{"href":"https:\/\/codisoil.com\/adblue\/goblue\/wp-json\/wp\/v2\/media?parent=4053"}],"curies":[{"name":"wp","href":"https:\/\/api.w.org\/{rel}","templated":true}]}}