{"id":3617,"date":"2025-01-09T21:20:11","date_gmt":"2025-01-09T20:20:11","guid":{"rendered":"https:\/\/codisoil.com\/adblue\/goblue\/?post_type=product&#038;p=3617"},"modified":"2026-03-31T13:40:17","modified_gmt":"2026-03-31T11:40:17","slug":"4-bidones-de-adblue-premium-de-200l-effinox","status":"publish","type":"product","link":"https:\/\/codisoil.com\/adblue\/goblue\/producto\/4-bidones-de-adblue-premium-de-200l-effinox\/","title":{"rendered":"4 Bidones de AdBlue Premium de 200L (EFFINOX)"},"content":{"rendered":"<h2><span style=\"color: #404040; line-height: 1.4;\"><strong>Descripci\u00f3n del producto<\/strong><\/span><\/h2>\n<p><span style=\"color: #404040; line-height: 1.4;\">Pack de 2 Bidones de AdBlue GreenChem de 200 litros. Este bid\u00f3n de AdBlue es ideal para agricultura, concesionarios y talleres por ejemplo. Nuestros bidones est\u00e1n\u00a0 pensados para que puedas comprar AdBlue m\u00e1s barato, sin perder la calidad que nos caracteriza. Los bidones de AdBlue son ideales para compras iniciales de AdBlue, por ejemplo, si no dispones de tu propio IBC o necesitas AdBlue en menores cantidades para uso personal o venta directa. Si es as\u00ed, este pack de 2 Bidones de 200 litros de AdBlue es ideal para ti.<\/span><\/p>\n<p><span style=\"color: #404040; line-height: 1.4;\">Nuestros bidones de AdBlue cuentan con\u00a0un 32,5% de Urea y est\u00e1n homologados y apoyados por los principales fabricantes del mercado, como Mercedes, MAN, IVECO, Ford, Isuzu, Nissan, etc&#8230;<\/span><\/p>\n<h2><span style=\"color: #404040; line-height: 1.4;\"><strong>Calidad del producto y distribuci\u00f3n<\/strong><\/span><\/h2>\n<p><span style=\"color: #404040; line-height: 1.4;\">Nuestro producto cumple siempre con la normativa VDA, de la industria alemana de automoci\u00f3n, y contiene el porcentaje de urea correcto (32,5%) para garantizar el cuidado de los veh\u00edculos y mantener las garant\u00edas del fabricante. Contamos con anal\u00edticas de cada lote a disponibilidad de nuestros clientes. Exigimos siempre a todos nuestros proveedores el certificado de calidad de producto.<\/span><\/p>\n<p><span style=\"color: #404040; line-height: 1.4;\">GoBlue es la marca exclusiva de reparto de adBlue de Codisoil S.A (uno de los mayores distribuidores del sector). Recuerda que nuestros env\u00edos son gratuitos.<\/span><\/p>\n","protected":false},"excerpt":{"rendered":"<p>El mejor AdBlue Premium del mercado en bidones de 200 litros y en pack de 2 unidades.<\/p>\n","protected":false},"featured_media":3623,"template":"","meta":{"_acf_changed":false,"_joinchat":[]},"product_brand":[],"product_cat":[45,14],"product_tag":[],"class_list":{"0":"post-3617","1":"product","2":"type-product","3":"status-publish","4":"has-post-thumbnail","6":"product_cat-adblue-premium-effinox","7":"product_cat-envases-de-adblue","9":"first","10":"instock","11":"taxable","12":"shipping-taxable","13":"purchasable","14":"product-type-simple"},"acf":[],"yoast_head":"<!-- This site is optimized with the Yoast SEO plugin v26.5 - https:\/\/yoast.com\/wordpress\/plugins\/seo\/ -->\n<title>Bidones de AdBlue Premium de 200L EFFINOX (Pack de 4) - GoBlue<\/title>\n<meta name=\"description\" content=\"Pack de 4 Bidones de AdBlue Premium de 200 litros. AdBlue Effinox con la garant\u00eda de calidad de GreenChem. \u00a1Evita la cristalizaci\u00f3n!\" \/>\n<meta name=\"robots\" content=\"index, follow, max-snippet:-1, max-image-preview:large, max-video-preview:-1\" \/>\n<link rel=\"canonical\" href=\"https:\/\/codisoil.com\/adblue\/goblue\/producto\/4-bidones-de-adblue-premium-de-200l-effinox\/\" \/>\n<meta property=\"og:locale\" content=\"es_ES\" \/>\n<meta property=\"og:type\" content=\"article\" \/>\n<meta property=\"og:title\" content=\"Bidones de AdBlue Premium de 200L EFFINOX (Pack de 4) - GoBlue\" \/>\n<meta property=\"og:description\" content=\"Pack de 4 Bidones de AdBlue Premium de 200 litros. AdBlue Effinox con la garant\u00eda de calidad de GreenChem. \u00a1Evita la cristalizaci\u00f3n!\" \/>\n<meta property=\"og:url\" content=\"https:\/\/codisoil.com\/adblue\/goblue\/producto\/4-bidones-de-adblue-premium-de-200l-effinox\/\" \/>\n<meta property=\"og:site_name\" content=\"GoBlue\" \/>\n<meta property=\"article:publisher\" content=\"https:\/\/www.facebook.com\/Codisoil\" \/>\n<meta property=\"article:modified_time\" content=\"2026-03-31T11:40:17+00:00\" \/>\n<meta property=\"og:image\" content=\"https:\/\/codisoil.com\/adblue\/goblue\/wp-content\/uploads\/2025\/01\/EFFINOX-4X200L-drum-2.webp\" \/>\n\t<meta property=\"og:image:width\" content=\"2560\" \/>\n\t<meta property=\"og:image:height\" content=\"2560\" \/>\n\t<meta property=\"og:image:type\" content=\"image\/webp\" \/>\n<meta name=\"twitter:card\" content=\"summary_large_image\" \/>\n<meta name=\"twitter:label1\" content=\"Tiempo de lectura\" \/>\n\t<meta name=\"twitter:data1\" content=\"2 minutos\" \/>\n<script type=\"application\/ld+json\" class=\"yoast-schema-graph\">{\"@context\":\"https:\/\/schema.org\",\"@graph\":[{\"@type\":\"WebPage\",\"@id\":\"https:\/\/codisoil.com\/adblue\/goblue\/producto\/4-bidones-de-adblue-premium-de-200l-effinox\/\",\"url\":\"https:\/\/codisoil.com\/adblue\/goblue\/producto\/4-bidones-de-adblue-premium-de-200l-effinox\/\",\"name\":\"Bidones de AdBlue Premium de 200L EFFINOX (Pack de 4) - GoBlue\",\"isPartOf\":{\"@id\":\"https:\/\/codisoil.com\/adblue\/goblue\/#website\"},\"primaryImageOfPage\":{\"@id\":\"https:\/\/codisoil.com\/adblue\/goblue\/producto\/4-bidones-de-adblue-premium-de-200l-effinox\/#primaryimage\"},\"image\":{\"@id\":\"https:\/\/codisoil.com\/adblue\/goblue\/producto\/4-bidones-de-adblue-premium-de-200l-effinox\/#primaryimage\"},\"thumbnailUrl\":\"https:\/\/codisoil.com\/adblue\/goblue\/wp-content\/uploads\/2025\/01\/EFFINOX-4X200L-drum-2.webp\",\"datePublished\":\"2025-01-09T20:20:11+00:00\",\"dateModified\":\"2026-03-31T11:40:17+00:00\",\"description\":\"Pack de 4 Bidones de AdBlue Premium de 200 litros. AdBlue Effinox con la garant\u00eda de calidad de GreenChem. \u00a1Evita la cristalizaci\u00f3n!\",\"breadcrumb\":{\"@id\":\"https:\/\/codisoil.com\/adblue\/goblue\/producto\/4-bidones-de-adblue-premium-de-200l-effinox\/#breadcrumb\"},\"inLanguage\":\"es\",\"potentialAction\":[{\"@type\":\"ReadAction\",\"target\":[\"https:\/\/codisoil.com\/adblue\/goblue\/producto\/4-bidones-de-adblue-premium-de-200l-effinox\/\"]}]},{\"@type\":\"ImageObject\",\"inLanguage\":\"es\",\"@id\":\"https:\/\/codisoil.com\/adblue\/goblue\/producto\/4-bidones-de-adblue-premium-de-200l-effinox\/#primaryimage\",\"url\":\"https:\/\/codisoil.com\/adblue\/goblue\/wp-content\/uploads\/2025\/01\/EFFINOX-4X200L-drum-2.webp\",\"contentUrl\":\"https:\/\/codisoil.com\/adblue\/goblue\/wp-content\/uploads\/2025\/01\/EFFINOX-4X200L-drum-2.webp\",\"width\":2560,\"height\":2560,\"caption\":\"bidones adblue premium effinox 4 x 200l\"},{\"@type\":\"BreadcrumbList\",\"@id\":\"https:\/\/codisoil.com\/adblue\/goblue\/producto\/4-bidones-de-adblue-premium-de-200l-effinox\/#breadcrumb\",\"itemListElement\":[{\"@type\":\"ListItem\",\"position\":1,\"name\":\"Portada\",\"item\":\"https:\/\/codisoil.com\/adblue\/goblue\/\"},{\"@type\":\"ListItem\",\"position\":2,\"name\":\"Tienda\",\"item\":\"https:\/\/codisoil.com\/adblue\/goblue\/tienda\/\"},{\"@type\":\"ListItem\",\"position\":3,\"name\":\"4 Bidones de AdBlue Premium de 200L (EFFINOX)\"}]},{\"@type\":\"WebSite\",\"@id\":\"https:\/\/codisoil.com\/adblue\/goblue\/#website\",\"url\":\"https:\/\/codisoil.com\/adblue\/goblue\/\",\"name\":\"GoBlue | Codisoil\",\"description\":\"\",\"publisher\":{\"@id\":\"https:\/\/codisoil.com\/adblue\/goblue\/#organization\"},\"potentialAction\":[{\"@type\":\"SearchAction\",\"target\":{\"@type\":\"EntryPoint\",\"urlTemplate\":\"https:\/\/codisoil.com\/adblue\/goblue\/?s={search_term_string}\"},\"query-input\":{\"@type\":\"PropertyValueSpecification\",\"valueRequired\":true,\"valueName\":\"search_term_string\"}}],\"inLanguage\":\"es\"},{\"@type\":\"Organization\",\"@id\":\"https:\/\/codisoil.com\/adblue\/goblue\/#organization\",\"name\":\"GoBlue - Codisoil\",\"url\":\"https:\/\/codisoil.com\/adblue\/goblue\/\",\"logo\":{\"@type\":\"ImageObject\",\"inLanguage\":\"es\",\"@id\":\"https:\/\/codisoil.com\/adblue\/goblue\/#\/schema\/logo\/image\/\",\"url\":\"https:\/\/codisoil.com\/adblue\/goblue\/wp-content\/uploads\/2021\/02\/GoBlueLogo-02.png\",\"contentUrl\":\"https:\/\/codisoil.com\/adblue\/goblue\/wp-content\/uploads\/2021\/02\/GoBlueLogo-02.png\",\"width\":1000,\"height\":500,\"caption\":\"GoBlue - Codisoil\"},\"image\":{\"@id\":\"https:\/\/codisoil.com\/adblue\/goblue\/#\/schema\/logo\/image\/\"},\"sameAs\":[\"https:\/\/www.facebook.com\/Codisoil\",\"https:\/\/www.instagram.com\/codisoil\",\"https:\/\/www.linkedin.com\/company\/codisoil\"]}]}<\/script>\n<!-- \/ Yoast SEO plugin. -->","yoast_head_json":{"title":"Bidones de AdBlue Premium de 200L EFFINOX (Pack de 4) - GoBlue","description":"Pack de 4 Bidones de AdBlue Premium de 200 litros. AdBlue Effinox con la garant\u00eda de calidad de GreenChem. \u00a1Evita la cristalizaci\u00f3n!","robots":{"index":"index","follow":"follow","max-snippet":"max-snippet:-1","max-image-preview":"max-image-preview:large","max-video-preview":"max-video-preview:-1"},"canonical":"https:\/\/codisoil.com\/adblue\/goblue\/producto\/4-bidones-de-adblue-premium-de-200l-effinox\/","og_locale":"es_ES","og_type":"article","og_title":"Bidones de AdBlue Premium de 200L EFFINOX (Pack de 4) - GoBlue","og_description":"Pack de 4 Bidones de AdBlue Premium de 200 litros. AdBlue Effinox con la garant\u00eda de calidad de GreenChem. \u00a1Evita la cristalizaci\u00f3n!","og_url":"https:\/\/codisoil.com\/adblue\/goblue\/producto\/4-bidones-de-adblue-premium-de-200l-effinox\/","og_site_name":"GoBlue","article_publisher":"https:\/\/www.facebook.com\/Codisoil","article_modified_time":"2026-03-31T11:40:17+00:00","og_image":[{"width":2560,"height":2560,"url":"https:\/\/codisoil.com\/adblue\/goblue\/wp-content\/uploads\/2025\/01\/EFFINOX-4X200L-drum-2.webp","type":"image\/webp"}],"twitter_card":"summary_large_image","twitter_misc":{"Tiempo de lectura":"2 minutos"},"schema":{"@context":"https:\/\/schema.org","@graph":[{"@type":"WebPage","@id":"https:\/\/codisoil.com\/adblue\/goblue\/producto\/4-bidones-de-adblue-premium-de-200l-effinox\/","url":"https:\/\/codisoil.com\/adblue\/goblue\/producto\/4-bidones-de-adblue-premium-de-200l-effinox\/","name":"Bidones de AdBlue Premium de 200L EFFINOX (Pack de 4) - GoBlue","isPartOf":{"@id":"https:\/\/codisoil.com\/adblue\/goblue\/#website"},"primaryImageOfPage":{"@id":"https:\/\/codisoil.com\/adblue\/goblue\/producto\/4-bidones-de-adblue-premium-de-200l-effinox\/#primaryimage"},"image":{"@id":"https:\/\/codisoil.com\/adblue\/goblue\/producto\/4-bidones-de-adblue-premium-de-200l-effinox\/#primaryimage"},"thumbnailUrl":"https:\/\/codisoil.com\/adblue\/goblue\/wp-content\/uploads\/2025\/01\/EFFINOX-4X200L-drum-2.webp","datePublished":"2025-01-09T20:20:11+00:00","dateModified":"2026-03-31T11:40:17+00:00","description":"Pack de 4 Bidones de AdBlue Premium de 200 litros. AdBlue Effinox con la garant\u00eda de calidad de GreenChem. \u00a1Evita la cristalizaci\u00f3n!","breadcrumb":{"@id":"https:\/\/codisoil.com\/adblue\/goblue\/producto\/4-bidones-de-adblue-premium-de-200l-effinox\/#breadcrumb"},"inLanguage":"es","potentialAction":[{"@type":"ReadAction","target":["https:\/\/codisoil.com\/adblue\/goblue\/producto\/4-bidones-de-adblue-premium-de-200l-effinox\/"]}]},{"@type":"ImageObject","inLanguage":"es","@id":"https:\/\/codisoil.com\/adblue\/goblue\/producto\/4-bidones-de-adblue-premium-de-200l-effinox\/#primaryimage","url":"https:\/\/codisoil.com\/adblue\/goblue\/wp-content\/uploads\/2025\/01\/EFFINOX-4X200L-drum-2.webp","contentUrl":"https:\/\/codisoil.com\/adblue\/goblue\/wp-content\/uploads\/2025\/01\/EFFINOX-4X200L-drum-2.webp","width":2560,"height":2560,"caption":"bidones adblue premium effinox 4 x 200l"},{"@type":"BreadcrumbList","@id":"https:\/\/codisoil.com\/adblue\/goblue\/producto\/4-bidones-de-adblue-premium-de-200l-effinox\/#breadcrumb","itemListElement":[{"@type":"ListItem","position":1,"name":"Portada","item":"https:\/\/codisoil.com\/adblue\/goblue\/"},{"@type":"ListItem","position":2,"name":"Tienda","item":"https:\/\/codisoil.com\/adblue\/goblue\/tienda\/"},{"@type":"ListItem","position":3,"name":"4 Bidones de AdBlue Premium de 200L (EFFINOX)"}]},{"@type":"WebSite","@id":"https:\/\/codisoil.com\/adblue\/goblue\/#website","url":"https:\/\/codisoil.com\/adblue\/goblue\/","name":"GoBlue | Codisoil","description":"","publisher":{"@id":"https:\/\/codisoil.com\/adblue\/goblue\/#organization"},"potentialAction":[{"@type":"SearchAction","target":{"@type":"EntryPoint","urlTemplate":"https:\/\/codisoil.com\/adblue\/goblue\/?s={search_term_string}"},"query-input":{"@type":"PropertyValueSpecification","valueRequired":true,"valueName":"search_term_string"}}],"inLanguage":"es"},{"@type":"Organization","@id":"https:\/\/codisoil.com\/adblue\/goblue\/#organization","name":"GoBlue - Codisoil","url":"https:\/\/codisoil.com\/adblue\/goblue\/","logo":{"@type":"ImageObject","inLanguage":"es","@id":"https:\/\/codisoil.com\/adblue\/goblue\/#\/schema\/logo\/image\/","url":"https:\/\/codisoil.com\/adblue\/goblue\/wp-content\/uploads\/2021\/02\/GoBlueLogo-02.png","contentUrl":"https:\/\/codisoil.com\/adblue\/goblue\/wp-content\/uploads\/2021\/02\/GoBlueLogo-02.png","width":1000,"height":500,"caption":"GoBlue - Codisoil"},"image":{"@id":"https:\/\/codisoil.com\/adblue\/goblue\/#\/schema\/logo\/image\/"},"sameAs":["https:\/\/www.facebook.com\/Codisoil","https:\/\/www.instagram.com\/codisoil","https:\/\/www.linkedin.com\/company\/codisoil"]}]}},"_links":{"self":[{"href":"https:\/\/codisoil.com\/adblue\/goblue\/wp-json\/wp\/v2\/product\/3617","targetHints":{"allow":["GET"]}}],"collection":[{"href":"https:\/\/codisoil.com\/adblue\/goblue\/wp-json\/wp\/v2\/product"}],"about":[{"href":"https:\/\/codisoil.com\/adblue\/goblue\/wp-json\/wp\/v2\/types\/product"}],"version-history":[{"count":5,"href":"https:\/\/codisoil.com\/adblue\/goblue\/wp-json\/wp\/v2\/product\/3617\/revisions"}],"predecessor-version":[{"id":5148,"href":"https:\/\/codisoil.com\/adblue\/goblue\/wp-json\/wp\/v2\/product\/3617\/revisions\/5148"}],"wp:featuredmedia":[{"embeddable":true,"href":"https:\/\/codisoil.com\/adblue\/goblue\/wp-json\/wp\/v2\/media\/3623"}],"wp:attachment":[{"href":"https:\/\/codisoil.com\/adblue\/goblue\/wp-json\/wp\/v2\/media?parent=3617"}],"wp:term":[{"taxonomy":"product_brand","embeddable":true,"href":"https:\/\/codisoil.com\/adblue\/goblue\/wp-json\/wp\/v2\/product_brand?post=3617"},{"taxonomy":"product_cat","embeddable":true,"href":"https:\/\/codisoil.com\/adblue\/goblue\/wp-json\/wp\/v2\/product_cat?post=3617"},{"taxonomy":"product_tag","embeddable":true,"href":"https:\/\/codisoil.com\/adblue\/goblue\/wp-json\/wp\/v2\/product_tag?post=3617"}],"curies":[{"name":"wp","href":"https:\/\/api.w.org\/{rel}","templated":true}]}}