{"id":751,"date":"2020-08-02T12:05:51","date_gmt":"2020-08-02T12:05:51","guid":{"rendered":"https:\/\/adblue.aishii.org\/producto\/import-placeholder-for-552\/"},"modified":"2025-10-15T18:48:48","modified_gmt":"2025-10-15T16:48:48","slug":"equipo-automatico-completo-suministro-adblue","status":"publish","type":"product","link":"https:\/\/codisoil.com\/adblue\/goblue\/producto\/equipo-automatico-completo-suministro-adblue\/","title":{"rendered":"Equipo autom\u00e1tico completo de suministro de AdBlue"},"content":{"rendered":"<h2><span style=\"color: #404040; line-height: 1.4;\"><strong>Descripci\u00f3n del producto<\/strong><\/span><\/h2>\n<p>Este equipo de suministro autom\u00e1tico completo de AdBlue incluye una manguera de suministro de 6 metros, una manguera de aspiraci\u00f3n de 1,5 metros, una electrobomba de 35litros\/minuto, un cuentalitros, un acoplamiento ergon\u00f3mico para ibc, un boquerel autom\u00e1tico\u00a0y un casquillo para engaste r\u00e1pido a manguera de aspiraci\u00f3n y abrazaderas.\u00a0Se diferencia del equipo b\u00e1sico en la capacidad de control de suministros que ofrece este equipo, ya que tiene un cuentalitros y un boquerel autom\u00e1tico.<\/p>\n<p>Este equipo de suministro de AdBlue es uno de los m\u00e1s utilizados ya que facilita el poder realizar peque\u00f1os suministros r\u00e1pidamente.\u00a0Calidad garantizada de Suzzara Blue, marca comercial de Piusi (Dep\u00f3sito y tapa de dep\u00f3sito no incluidos).<\/p>\n<p><span style=\"color: #404040; line-height: 1.4;\">Nuestros productos y equipos de AdBlue est\u00e1n homologados y apoyados por los principales fabricantes del mercado, como Mercedes, MAN, IVECO, Ford, Isuzu, Nissan, etc&#8230;<\/span><\/p>\n<h2><span style=\"color: #404040; line-height: 1.4;\"><strong>Calidad del producto y distribuci\u00f3n<\/strong><\/span><\/h2>\n<p><span style=\"color: #404040; line-height: 1.4;\">Nuestro producto cumple siempre con la normativa VDA, de la industria alemana de automoci\u00f3n, y contiene el porcentaje de urea correcto (32,5%) para garantizar el cuidado de los veh\u00edculos y mantener las garant\u00edas del fabricante. Contamos con anal\u00edticas de cada lote a disponibilidad de nuestros clientes. Exigimos siempre a todos nuestros proveedores el certificado de calidad de producto.<\/span><\/p>\n<p><span style=\"color: #404040; line-height: 1.4;\">GoBlue trabaja junto a Codisoil S.A (uno de los mayores distribuidores del sector), lo que nos permite entregar tu AdBlue en un plazo igual o inferior a 48h. Adem\u00e1s, gracias a su flota exclusiva y su volumetr\u00eda calibrada recibir\u00e1s los litros exactos, manteniendo toda la pureza de tu producto. Recuerda que nuestros env\u00edos son gratuitos y podr\u00e1s cancelar tu pedido en todo momento.<\/span><\/p>\n<h2><span style=\"color: #404040; line-height: 1.4;\"><strong>Consejo de limpieza<\/strong><\/span><\/h2>\n<p><span style=\"color: #404040; line-height: 1.4;\">Durante el llenado del deposito, recuerda mantener el m\u00e1ximo nivel de limpieza para que no entre polvo ni elementos contaminantes. Recuerda tambi\u00e9n limpiar la boquilla de la bomba despu\u00e9s del llenado, sumergi\u00e9ndola en una cuba de agua desmineralizada para eliminar posibles restos blancos de AdBlue seco.<\/span><\/p>\n<p><span style=\"color: #404040; line-height: 1.4;\">Nuestros clientes nos eligen por la profesionalidad y experiencia en este negocio. El cliente puede saber en todo momento d\u00f3nde se encuentra su pedido y cu\u00e1ndo lo recibir\u00e1. Gestionamos y repartimos el pedido con medios propios.<\/span><\/p>\n","protected":false},"excerpt":{"rendered":"<p>El equipo m\u00e1s completo del mercado para suministrar AdBlue desde un IBC de manera c\u00f3moda, sencilla y controlada.<br \/>\nTiempo de entrega: 2 d\u00edas.<\/p>\n","protected":false},"featured_media":2906,"template":"","meta":{"_acf_changed":false,"_joinchat":[]},"product_brand":[],"product_cat":[15],"product_tag":[],"class_list":{"0":"post-751","1":"product","2":"type-product","3":"status-publish","4":"has-post-thumbnail","6":"product_cat-equipos-de-suministro","8":"first","9":"instock","10":"taxable","11":"shipping-taxable","12":"purchasable","13":"product-type-simple"},"acf":[],"yoast_head":"<!-- This site is optimized with the Yoast SEO plugin v26.5 - https:\/\/yoast.com\/wordpress\/plugins\/seo\/ -->\n<title>Equipo suministro AdBlue (Completo y Autom\u00e1tico) | Env\u00edo 48h - GoBlue<\/title>\n<meta name=\"description\" content=\"Fant\u00e1stico equipo completo de suministro de AdBlue. Incluye mangueras de 6m y 1,5m, electrobomba de 32L\/min, con cuentalitros y boquerel autom\u00e1tico.\" \/>\n<meta name=\"robots\" content=\"index, follow, max-snippet:-1, max-image-preview:large, max-video-preview:-1\" \/>\n<link rel=\"canonical\" href=\"https:\/\/codisoil.com\/adblue\/goblue\/producto\/equipo-automatico-completo-suministro-adblue\/\" \/>\n<meta property=\"og:locale\" content=\"es_ES\" \/>\n<meta property=\"og:type\" content=\"article\" \/>\n<meta property=\"og:title\" content=\"Equipo suministro AdBlue (Completo y Autom\u00e1tico) | Env\u00edo 48h - GoBlue\" \/>\n<meta property=\"og:description\" content=\"Fant\u00e1stico equipo completo de suministro de AdBlue. Incluye mangueras de 6m y 1,5m, electrobomba de 32L\/min, con cuentalitros y boquerel autom\u00e1tico.\" \/>\n<meta property=\"og:url\" content=\"https:\/\/codisoil.com\/adblue\/goblue\/producto\/equipo-automatico-completo-suministro-adblue\/\" \/>\n<meta property=\"og:site_name\" content=\"GoBlue\" \/>\n<meta property=\"article:publisher\" content=\"https:\/\/www.facebook.com\/Codisoil\" \/>\n<meta property=\"article:modified_time\" content=\"2025-10-15T16:48:48+00:00\" \/>\n<meta property=\"og:image\" content=\"https:\/\/codisoil.com\/adblue\/goblue\/wp-content\/uploads\/2020\/08\/Equipo-de-Suministro-Completo-de-AdBlue-Suzzara-Blue-Pro-3-Piusi.jpg\" \/>\n\t<meta property=\"og:image:width\" content=\"613\" \/>\n\t<meta property=\"og:image:height\" content=\"689\" \/>\n\t<meta property=\"og:image:type\" content=\"image\/jpeg\" \/>\n<meta name=\"twitter:card\" content=\"summary_large_image\" \/>\n<meta name=\"twitter:label1\" content=\"Tiempo de lectura\" \/>\n\t<meta name=\"twitter:data1\" content=\"2 minutos\" \/>\n<script type=\"application\/ld+json\" class=\"yoast-schema-graph\">{\"@context\":\"https:\/\/schema.org\",\"@graph\":[{\"@type\":\"WebPage\",\"@id\":\"https:\/\/codisoil.com\/adblue\/goblue\/producto\/equipo-automatico-completo-suministro-adblue\/\",\"url\":\"https:\/\/codisoil.com\/adblue\/goblue\/producto\/equipo-automatico-completo-suministro-adblue\/\",\"name\":\"Equipo suministro AdBlue (Completo y Autom\u00e1tico) | Env\u00edo 48h - GoBlue\",\"isPartOf\":{\"@id\":\"https:\/\/codisoil.com\/adblue\/goblue\/#website\"},\"primaryImageOfPage\":{\"@id\":\"https:\/\/codisoil.com\/adblue\/goblue\/producto\/equipo-automatico-completo-suministro-adblue\/#primaryimage\"},\"image\":{\"@id\":\"https:\/\/codisoil.com\/adblue\/goblue\/producto\/equipo-automatico-completo-suministro-adblue\/#primaryimage\"},\"thumbnailUrl\":\"https:\/\/codisoil.com\/adblue\/goblue\/wp-content\/uploads\/2020\/08\/Equipo-de-Suministro-Completo-de-AdBlue-Suzzara-Blue-Pro-3-Piusi.jpg\",\"datePublished\":\"2020-08-02T12:05:51+00:00\",\"dateModified\":\"2025-10-15T16:48:48+00:00\",\"description\":\"Fant\u00e1stico equipo completo de suministro de AdBlue. Incluye mangueras de 6m y 1,5m, electrobomba de 32L\/min, con cuentalitros y boquerel autom\u00e1tico.\",\"breadcrumb\":{\"@id\":\"https:\/\/codisoil.com\/adblue\/goblue\/producto\/equipo-automatico-completo-suministro-adblue\/#breadcrumb\"},\"inLanguage\":\"es\",\"potentialAction\":[{\"@type\":\"ReadAction\",\"target\":[\"https:\/\/codisoil.com\/adblue\/goblue\/producto\/equipo-automatico-completo-suministro-adblue\/\"]}]},{\"@type\":\"ImageObject\",\"inLanguage\":\"es\",\"@id\":\"https:\/\/codisoil.com\/adblue\/goblue\/producto\/equipo-automatico-completo-suministro-adblue\/#primaryimage\",\"url\":\"https:\/\/codisoil.com\/adblue\/goblue\/wp-content\/uploads\/2020\/08\/Equipo-de-Suministro-Completo-de-AdBlue-Suzzara-Blue-Pro-3-Piusi.jpg\",\"contentUrl\":\"https:\/\/codisoil.com\/adblue\/goblue\/wp-content\/uploads\/2020\/08\/Equipo-de-Suministro-Completo-de-AdBlue-Suzzara-Blue-Pro-3-Piusi.jpg\",\"width\":613,\"height\":689,\"caption\":\"Equipo Autom\u00e1tico de Suministro Completo de AdBlue (Suzzara Blue Pro 3) - Piusi\"},{\"@type\":\"BreadcrumbList\",\"@id\":\"https:\/\/codisoil.com\/adblue\/goblue\/producto\/equipo-automatico-completo-suministro-adblue\/#breadcrumb\",\"itemListElement\":[{\"@type\":\"ListItem\",\"position\":1,\"name\":\"Portada\",\"item\":\"https:\/\/codisoil.com\/adblue\/goblue\/\"},{\"@type\":\"ListItem\",\"position\":2,\"name\":\"Tienda\",\"item\":\"https:\/\/codisoil.com\/adblue\/goblue\/tienda\/\"},{\"@type\":\"ListItem\",\"position\":3,\"name\":\"Equipo autom\u00e1tico completo de suministro de AdBlue\"}]},{\"@type\":\"WebSite\",\"@id\":\"https:\/\/codisoil.com\/adblue\/goblue\/#website\",\"url\":\"https:\/\/codisoil.com\/adblue\/goblue\/\",\"name\":\"GoBlue | Codisoil\",\"description\":\"\",\"publisher\":{\"@id\":\"https:\/\/codisoil.com\/adblue\/goblue\/#organization\"},\"potentialAction\":[{\"@type\":\"SearchAction\",\"target\":{\"@type\":\"EntryPoint\",\"urlTemplate\":\"https:\/\/codisoil.com\/adblue\/goblue\/?s={search_term_string}\"},\"query-input\":{\"@type\":\"PropertyValueSpecification\",\"valueRequired\":true,\"valueName\":\"search_term_string\"}}],\"inLanguage\":\"es\"},{\"@type\":\"Organization\",\"@id\":\"https:\/\/codisoil.com\/adblue\/goblue\/#organization\",\"name\":\"GoBlue - Codisoil\",\"url\":\"https:\/\/codisoil.com\/adblue\/goblue\/\",\"logo\":{\"@type\":\"ImageObject\",\"inLanguage\":\"es\",\"@id\":\"https:\/\/codisoil.com\/adblue\/goblue\/#\/schema\/logo\/image\/\",\"url\":\"https:\/\/codisoil.com\/adblue\/goblue\/wp-content\/uploads\/2021\/02\/GoBlueLogo-02.png\",\"contentUrl\":\"https:\/\/codisoil.com\/adblue\/goblue\/wp-content\/uploads\/2021\/02\/GoBlueLogo-02.png\",\"width\":1000,\"height\":500,\"caption\":\"GoBlue - Codisoil\"},\"image\":{\"@id\":\"https:\/\/codisoil.com\/adblue\/goblue\/#\/schema\/logo\/image\/\"},\"sameAs\":[\"https:\/\/www.facebook.com\/Codisoil\",\"https:\/\/www.instagram.com\/codisoil\",\"https:\/\/www.linkedin.com\/company\/codisoil\"]}]}<\/script>\n<!-- \/ Yoast SEO plugin. -->","yoast_head_json":{"title":"Equipo suministro AdBlue (Completo y Autom\u00e1tico) | Env\u00edo 48h - GoBlue","description":"Fant\u00e1stico equipo completo de suministro de AdBlue. Incluye mangueras de 6m y 1,5m, electrobomba de 32L\/min, con cuentalitros y boquerel autom\u00e1tico.","robots":{"index":"index","follow":"follow","max-snippet":"max-snippet:-1","max-image-preview":"max-image-preview:large","max-video-preview":"max-video-preview:-1"},"canonical":"https:\/\/codisoil.com\/adblue\/goblue\/producto\/equipo-automatico-completo-suministro-adblue\/","og_locale":"es_ES","og_type":"article","og_title":"Equipo suministro AdBlue (Completo y Autom\u00e1tico) | Env\u00edo 48h - GoBlue","og_description":"Fant\u00e1stico equipo completo de suministro de AdBlue. Incluye mangueras de 6m y 1,5m, electrobomba de 32L\/min, con cuentalitros y boquerel autom\u00e1tico.","og_url":"https:\/\/codisoil.com\/adblue\/goblue\/producto\/equipo-automatico-completo-suministro-adblue\/","og_site_name":"GoBlue","article_publisher":"https:\/\/www.facebook.com\/Codisoil","article_modified_time":"2025-10-15T16:48:48+00:00","og_image":[{"width":613,"height":689,"url":"https:\/\/codisoil.com\/adblue\/goblue\/wp-content\/uploads\/2020\/08\/Equipo-de-Suministro-Completo-de-AdBlue-Suzzara-Blue-Pro-3-Piusi.jpg","type":"image\/jpeg"}],"twitter_card":"summary_large_image","twitter_misc":{"Tiempo de lectura":"2 minutos"},"schema":{"@context":"https:\/\/schema.org","@graph":[{"@type":"WebPage","@id":"https:\/\/codisoil.com\/adblue\/goblue\/producto\/equipo-automatico-completo-suministro-adblue\/","url":"https:\/\/codisoil.com\/adblue\/goblue\/producto\/equipo-automatico-completo-suministro-adblue\/","name":"Equipo suministro AdBlue (Completo y Autom\u00e1tico) | Env\u00edo 48h - GoBlue","isPartOf":{"@id":"https:\/\/codisoil.com\/adblue\/goblue\/#website"},"primaryImageOfPage":{"@id":"https:\/\/codisoil.com\/adblue\/goblue\/producto\/equipo-automatico-completo-suministro-adblue\/#primaryimage"},"image":{"@id":"https:\/\/codisoil.com\/adblue\/goblue\/producto\/equipo-automatico-completo-suministro-adblue\/#primaryimage"},"thumbnailUrl":"https:\/\/codisoil.com\/adblue\/goblue\/wp-content\/uploads\/2020\/08\/Equipo-de-Suministro-Completo-de-AdBlue-Suzzara-Blue-Pro-3-Piusi.jpg","datePublished":"2020-08-02T12:05:51+00:00","dateModified":"2025-10-15T16:48:48+00:00","description":"Fant\u00e1stico equipo completo de suministro de AdBlue. Incluye mangueras de 6m y 1,5m, electrobomba de 32L\/min, con cuentalitros y boquerel autom\u00e1tico.","breadcrumb":{"@id":"https:\/\/codisoil.com\/adblue\/goblue\/producto\/equipo-automatico-completo-suministro-adblue\/#breadcrumb"},"inLanguage":"es","potentialAction":[{"@type":"ReadAction","target":["https:\/\/codisoil.com\/adblue\/goblue\/producto\/equipo-automatico-completo-suministro-adblue\/"]}]},{"@type":"ImageObject","inLanguage":"es","@id":"https:\/\/codisoil.com\/adblue\/goblue\/producto\/equipo-automatico-completo-suministro-adblue\/#primaryimage","url":"https:\/\/codisoil.com\/adblue\/goblue\/wp-content\/uploads\/2020\/08\/Equipo-de-Suministro-Completo-de-AdBlue-Suzzara-Blue-Pro-3-Piusi.jpg","contentUrl":"https:\/\/codisoil.com\/adblue\/goblue\/wp-content\/uploads\/2020\/08\/Equipo-de-Suministro-Completo-de-AdBlue-Suzzara-Blue-Pro-3-Piusi.jpg","width":613,"height":689,"caption":"Equipo Autom\u00e1tico de Suministro Completo de AdBlue (Suzzara Blue Pro 3) - Piusi"},{"@type":"BreadcrumbList","@id":"https:\/\/codisoil.com\/adblue\/goblue\/producto\/equipo-automatico-completo-suministro-adblue\/#breadcrumb","itemListElement":[{"@type":"ListItem","position":1,"name":"Portada","item":"https:\/\/codisoil.com\/adblue\/goblue\/"},{"@type":"ListItem","position":2,"name":"Tienda","item":"https:\/\/codisoil.com\/adblue\/goblue\/tienda\/"},{"@type":"ListItem","position":3,"name":"Equipo autom\u00e1tico completo de suministro de AdBlue"}]},{"@type":"WebSite","@id":"https:\/\/codisoil.com\/adblue\/goblue\/#website","url":"https:\/\/codisoil.com\/adblue\/goblue\/","name":"GoBlue | Codisoil","description":"","publisher":{"@id":"https:\/\/codisoil.com\/adblue\/goblue\/#organization"},"potentialAction":[{"@type":"SearchAction","target":{"@type":"EntryPoint","urlTemplate":"https:\/\/codisoil.com\/adblue\/goblue\/?s={search_term_string}"},"query-input":{"@type":"PropertyValueSpecification","valueRequired":true,"valueName":"search_term_string"}}],"inLanguage":"es"},{"@type":"Organization","@id":"https:\/\/codisoil.com\/adblue\/goblue\/#organization","name":"GoBlue - Codisoil","url":"https:\/\/codisoil.com\/adblue\/goblue\/","logo":{"@type":"ImageObject","inLanguage":"es","@id":"https:\/\/codisoil.com\/adblue\/goblue\/#\/schema\/logo\/image\/","url":"https:\/\/codisoil.com\/adblue\/goblue\/wp-content\/uploads\/2021\/02\/GoBlueLogo-02.png","contentUrl":"https:\/\/codisoil.com\/adblue\/goblue\/wp-content\/uploads\/2021\/02\/GoBlueLogo-02.png","width":1000,"height":500,"caption":"GoBlue - Codisoil"},"image":{"@id":"https:\/\/codisoil.com\/adblue\/goblue\/#\/schema\/logo\/image\/"},"sameAs":["https:\/\/www.facebook.com\/Codisoil","https:\/\/www.instagram.com\/codisoil","https:\/\/www.linkedin.com\/company\/codisoil"]}]}},"_links":{"self":[{"href":"https:\/\/codisoil.com\/adblue\/goblue\/wp-json\/wp\/v2\/product\/751","targetHints":{"allow":["GET"]}}],"collection":[{"href":"https:\/\/codisoil.com\/adblue\/goblue\/wp-json\/wp\/v2\/product"}],"about":[{"href":"https:\/\/codisoil.com\/adblue\/goblue\/wp-json\/wp\/v2\/types\/product"}],"version-history":[{"count":4,"href":"https:\/\/codisoil.com\/adblue\/goblue\/wp-json\/wp\/v2\/product\/751\/revisions"}],"predecessor-version":[{"id":5161,"href":"https:\/\/codisoil.com\/adblue\/goblue\/wp-json\/wp\/v2\/product\/751\/revisions\/5161"}],"wp:featuredmedia":[{"embeddable":true,"href":"https:\/\/codisoil.com\/adblue\/goblue\/wp-json\/wp\/v2\/media\/2906"}],"wp:attachment":[{"href":"https:\/\/codisoil.com\/adblue\/goblue\/wp-json\/wp\/v2\/media?parent=751"}],"wp:term":[{"taxonomy":"product_brand","embeddable":true,"href":"https:\/\/codisoil.com\/adblue\/goblue\/wp-json\/wp\/v2\/product_brand?post=751"},{"taxonomy":"product_cat","embeddable":true,"href":"https:\/\/codisoil.com\/adblue\/goblue\/wp-json\/wp\/v2\/product_cat?post=751"},{"taxonomy":"product_tag","embeddable":true,"href":"https:\/\/codisoil.com\/adblue\/goblue\/wp-json\/wp\/v2\/product_tag?post=751"}],"curies":[{"name":"wp","href":"https:\/\/api.w.org\/{rel}","templated":true}]}}