{"id":755,"date":"2020-08-02T12:05:51","date_gmt":"2020-08-02T12:05:51","guid":{"rendered":"https:\/\/adblue.aishii.org\/producto\/import-placeholder-for-560\/"},"modified":"2025-10-15T18:44:11","modified_gmt":"2025-10-15T16:44:11","slug":"equipo-automatico-suministro-bidon-adblue","status":"publish","type":"product","link":"https:\/\/codisoil.com\/adblue\/goblue\/producto\/equipo-automatico-suministro-bidon-adblue\/","title":{"rendered":"Equipo autom\u00e1tico de suministro para bid\u00f3n de AdBlue"},"content":{"rendered":"<h2><span style=\"color: #404040; line-height: 1.4;\"><strong>Descripci\u00f3n del producto<\/strong><\/span><\/h2>\n<p>Este equipo de suministro para bid\u00f3n de AdBlue incluye un c\u00f3modo carro (ajustable para bidones desde 60 litros a 200 litros) para mover el bid\u00f3n y poder suministrar el producto en cualquier veh\u00edculo f\u00e1cilmente. Adem\u00e1s, cuenta con la boquilla recomendada para suministrar AdBlue en veh\u00edculos peque\u00f1os, con zona interior de suministro y zona exterior de salida de aire.<\/p>\n<p>Este equipo de suministro de AdBlue es el m\u00e1s utilizado en talleres que tienen que repostar AdBlue en veh\u00edculos ya que facilita el poder realizar peque\u00f1os suministros r\u00e1pidamente.\u00a0Calidad garantizada de Delphin Pro, marca comercial de Piusi\u00a0(No incluye el bid\u00f3n).<\/p>\n<p><span style=\"color: #404040; line-height: 1.4;\">Nuestros productos y equipos de AdBlue est\u00e1n homologados y apoyados por los principales fabricantes del mercado, como Mercedes, MAN, IVECO, Ford, Isuzu, Nissan, etc&#8230;<\/span><\/p>\n<h2><span style=\"color: #404040; line-height: 1.4;\"><strong>Calidad del producto y distribuci\u00f3n<\/strong><\/span><\/h2>\n<p><span style=\"color: #404040; line-height: 1.4;\">Nuestro producto cumple siempre con la normativa VDA, de la industria alemana de automoci\u00f3n, y contiene el porcentaje de urea correcto (32,5%) para garantizar el cuidado de los veh\u00edculos y mantener las garant\u00edas del fabricante. Contamos con anal\u00edticas de cada lote a disponibilidad de nuestros clientes. Exigimos siempre a todos nuestros proveedores el certificado de calidad de producto.<\/span><\/p>\n<p><span style=\"color: #404040; line-height: 1.4;\">GoBlue trabaja junto a Codisoil S.A (uno de los mayores distribuidores del sector), lo que nos permite entregar tu AdBlue en un plazo igual o inferior a 48h. Adem\u00e1s, gracias a su flota exclusiva y su volumetr\u00eda calibrada recibir\u00e1s los litros exactos, manteniendo toda la pureza de tu producto. Recuerda que nuestros env\u00edos son gratuitos y podr\u00e1s cancelar tu pedido en todo momento.<\/span><\/p>\n<h4><span style=\"color: #404040; line-height: 1.4;\"><strong>Consejo de limpieza<\/strong>:<\/span><\/h4>\n<p><span style=\"color: #404040; line-height: 1.4;\">Durante el llenado del deposito, recuerda mantener el m\u00e1ximo nivel de limpieza para que no entre polvo ni elementos contaminantes. Recuerda tambi\u00e9n limpiar la boquilla de la bomba despu\u00e9s del llenado, sumergi\u00e9ndola en una cuba de agua desmineralizada para eliminar posibles restos blancos de AdBlue seco.<\/span><\/p>\n<p><span style=\"color: #404040; line-height: 1.4;\">Nuestros clientes nos eligen por la profesionalidad y experiencia en este negocio. El cliente puede saber en todo momento d\u00f3nde se encuentra su pedido y cu\u00e1ndo lo recibir\u00e1. Gestionamos y repartimos el pedido con medios propios.<\/span><\/p>\n","protected":false},"excerpt":{"rendered":"<p>El mejor equipo de suministro para utilizar con un bid\u00f3n de AdBlue, ideal para talleres, empresas peque\u00f1as, etc.<\/p>\n","protected":false},"featured_media":735,"template":"","meta":{"_acf_changed":false,"_joinchat":[]},"product_brand":[],"product_cat":[15],"product_tag":[],"class_list":{"0":"post-755","1":"product","2":"type-product","3":"status-publish","4":"has-post-thumbnail","6":"product_cat-equipos-de-suministro","8":"first","9":"instock","10":"taxable","11":"shipping-taxable","12":"purchasable","13":"product-type-simple"},"acf":[],"yoast_head":"<!-- This site is optimized with the Yoast SEO plugin v26.5 - https:\/\/yoast.com\/wordpress\/plugins\/seo\/ -->\n<title>Equipo suministro AdBlue (Bid\u00f3n) | Env\u00edo gratuito 48h - GoBlue<\/title>\n<meta name=\"description\" content=\"Este equipo de suministro de AdBlue incluye un c\u00f3modo carro (ajustable para bidones desde 60L a 200L) para mover el bid\u00f3n. Calidad Delphin Pro (Piusi).\" \/>\n<meta name=\"robots\" content=\"index, follow, max-snippet:-1, max-image-preview:large, max-video-preview:-1\" \/>\n<link rel=\"canonical\" href=\"https:\/\/codisoil.com\/adblue\/goblue\/producto\/equipo-automatico-suministro-bidon-adblue\/\" \/>\n<meta property=\"og:locale\" content=\"es_ES\" \/>\n<meta property=\"og:type\" content=\"article\" \/>\n<meta property=\"og:title\" content=\"Equipo suministro AdBlue (Bid\u00f3n) | Env\u00edo gratuito 48h - GoBlue\" \/>\n<meta property=\"og:description\" content=\"Este equipo de suministro de AdBlue incluye un c\u00f3modo carro (ajustable para bidones desde 60L a 200L) para mover el bid\u00f3n. Calidad Delphin Pro (Piusi).\" \/>\n<meta property=\"og:url\" content=\"https:\/\/codisoil.com\/adblue\/goblue\/producto\/equipo-automatico-suministro-bidon-adblue\/\" \/>\n<meta property=\"og:site_name\" content=\"GoBlue\" \/>\n<meta property=\"article:publisher\" content=\"https:\/\/www.facebook.com\/Codisoil\" \/>\n<meta property=\"article:modified_time\" content=\"2025-10-15T16:44:11+00:00\" \/>\n<meta property=\"og:image\" content=\"https:\/\/codisoil.com\/adblue\/goblue\/wp-content\/uploads\/2020\/08\/equipo-de-suministro-para-bidon-de-adblue.jpg\" \/>\n\t<meta property=\"og:image:width\" content=\"470\" \/>\n\t<meta property=\"og:image:height\" content=\"470\" \/>\n\t<meta property=\"og:image:type\" content=\"image\/jpeg\" \/>\n<meta name=\"twitter:card\" content=\"summary_large_image\" \/>\n<meta name=\"twitter:label1\" content=\"Tiempo de lectura\" \/>\n\t<meta name=\"twitter:data1\" content=\"2 minutos\" \/>\n<script type=\"application\/ld+json\" class=\"yoast-schema-graph\">{\"@context\":\"https:\/\/schema.org\",\"@graph\":[{\"@type\":\"WebPage\",\"@id\":\"https:\/\/codisoil.com\/adblue\/goblue\/producto\/equipo-automatico-suministro-bidon-adblue\/\",\"url\":\"https:\/\/codisoil.com\/adblue\/goblue\/producto\/equipo-automatico-suministro-bidon-adblue\/\",\"name\":\"Equipo suministro AdBlue (Bid\u00f3n) | Env\u00edo gratuito 48h - GoBlue\",\"isPartOf\":{\"@id\":\"https:\/\/codisoil.com\/adblue\/goblue\/#website\"},\"primaryImageOfPage\":{\"@id\":\"https:\/\/codisoil.com\/adblue\/goblue\/producto\/equipo-automatico-suministro-bidon-adblue\/#primaryimage\"},\"image\":{\"@id\":\"https:\/\/codisoil.com\/adblue\/goblue\/producto\/equipo-automatico-suministro-bidon-adblue\/#primaryimage\"},\"thumbnailUrl\":\"https:\/\/codisoil.com\/adblue\/goblue\/wp-content\/uploads\/2020\/08\/equipo-de-suministro-para-bidon-de-adblue.jpg\",\"datePublished\":\"2020-08-02T12:05:51+00:00\",\"dateModified\":\"2025-10-15T16:44:11+00:00\",\"description\":\"Este equipo de suministro de AdBlue incluye un c\u00f3modo carro (ajustable para bidones desde 60L a 200L) para mover el bid\u00f3n. Calidad Delphin Pro (Piusi).\",\"breadcrumb\":{\"@id\":\"https:\/\/codisoil.com\/adblue\/goblue\/producto\/equipo-automatico-suministro-bidon-adblue\/#breadcrumb\"},\"inLanguage\":\"es\",\"potentialAction\":[{\"@type\":\"ReadAction\",\"target\":[\"https:\/\/codisoil.com\/adblue\/goblue\/producto\/equipo-automatico-suministro-bidon-adblue\/\"]}]},{\"@type\":\"ImageObject\",\"inLanguage\":\"es\",\"@id\":\"https:\/\/codisoil.com\/adblue\/goblue\/producto\/equipo-automatico-suministro-bidon-adblue\/#primaryimage\",\"url\":\"https:\/\/codisoil.com\/adblue\/goblue\/wp-content\/uploads\/2020\/08\/equipo-de-suministro-para-bidon-de-adblue.jpg\",\"contentUrl\":\"https:\/\/codisoil.com\/adblue\/goblue\/wp-content\/uploads\/2020\/08\/equipo-de-suministro-para-bidon-de-adblue.jpg\",\"width\":470,\"height\":470,\"caption\":\"equipo suministro adblue para bidon\"},{\"@type\":\"BreadcrumbList\",\"@id\":\"https:\/\/codisoil.com\/adblue\/goblue\/producto\/equipo-automatico-suministro-bidon-adblue\/#breadcrumb\",\"itemListElement\":[{\"@type\":\"ListItem\",\"position\":1,\"name\":\"Portada\",\"item\":\"https:\/\/codisoil.com\/adblue\/goblue\/\"},{\"@type\":\"ListItem\",\"position\":2,\"name\":\"Tienda\",\"item\":\"https:\/\/codisoil.com\/adblue\/goblue\/tienda\/\"},{\"@type\":\"ListItem\",\"position\":3,\"name\":\"Equipo autom\u00e1tico de suministro para bid\u00f3n de AdBlue\"}]},{\"@type\":\"WebSite\",\"@id\":\"https:\/\/codisoil.com\/adblue\/goblue\/#website\",\"url\":\"https:\/\/codisoil.com\/adblue\/goblue\/\",\"name\":\"GoBlue | Codisoil\",\"description\":\"\",\"publisher\":{\"@id\":\"https:\/\/codisoil.com\/adblue\/goblue\/#organization\"},\"potentialAction\":[{\"@type\":\"SearchAction\",\"target\":{\"@type\":\"EntryPoint\",\"urlTemplate\":\"https:\/\/codisoil.com\/adblue\/goblue\/?s={search_term_string}\"},\"query-input\":{\"@type\":\"PropertyValueSpecification\",\"valueRequired\":true,\"valueName\":\"search_term_string\"}}],\"inLanguage\":\"es\"},{\"@type\":\"Organization\",\"@id\":\"https:\/\/codisoil.com\/adblue\/goblue\/#organization\",\"name\":\"GoBlue - Codisoil\",\"url\":\"https:\/\/codisoil.com\/adblue\/goblue\/\",\"logo\":{\"@type\":\"ImageObject\",\"inLanguage\":\"es\",\"@id\":\"https:\/\/codisoil.com\/adblue\/goblue\/#\/schema\/logo\/image\/\",\"url\":\"https:\/\/codisoil.com\/adblue\/goblue\/wp-content\/uploads\/2021\/02\/GoBlueLogo-02.png\",\"contentUrl\":\"https:\/\/codisoil.com\/adblue\/goblue\/wp-content\/uploads\/2021\/02\/GoBlueLogo-02.png\",\"width\":1000,\"height\":500,\"caption\":\"GoBlue - Codisoil\"},\"image\":{\"@id\":\"https:\/\/codisoil.com\/adblue\/goblue\/#\/schema\/logo\/image\/\"},\"sameAs\":[\"https:\/\/www.facebook.com\/Codisoil\",\"https:\/\/www.instagram.com\/codisoil\",\"https:\/\/www.linkedin.com\/company\/codisoil\"]}]}<\/script>\n<!-- \/ Yoast SEO plugin. -->","yoast_head_json":{"title":"Equipo suministro AdBlue (Bid\u00f3n) | Env\u00edo gratuito 48h - GoBlue","description":"Este equipo de suministro de AdBlue incluye un c\u00f3modo carro (ajustable para bidones desde 60L a 200L) para mover el bid\u00f3n. Calidad Delphin Pro (Piusi).","robots":{"index":"index","follow":"follow","max-snippet":"max-snippet:-1","max-image-preview":"max-image-preview:large","max-video-preview":"max-video-preview:-1"},"canonical":"https:\/\/codisoil.com\/adblue\/goblue\/producto\/equipo-automatico-suministro-bidon-adblue\/","og_locale":"es_ES","og_type":"article","og_title":"Equipo suministro AdBlue (Bid\u00f3n) | Env\u00edo gratuito 48h - GoBlue","og_description":"Este equipo de suministro de AdBlue incluye un c\u00f3modo carro (ajustable para bidones desde 60L a 200L) para mover el bid\u00f3n. Calidad Delphin Pro (Piusi).","og_url":"https:\/\/codisoil.com\/adblue\/goblue\/producto\/equipo-automatico-suministro-bidon-adblue\/","og_site_name":"GoBlue","article_publisher":"https:\/\/www.facebook.com\/Codisoil","article_modified_time":"2025-10-15T16:44:11+00:00","og_image":[{"width":470,"height":470,"url":"https:\/\/codisoil.com\/adblue\/goblue\/wp-content\/uploads\/2020\/08\/equipo-de-suministro-para-bidon-de-adblue.jpg","type":"image\/jpeg"}],"twitter_card":"summary_large_image","twitter_misc":{"Tiempo de lectura":"2 minutos"},"schema":{"@context":"https:\/\/schema.org","@graph":[{"@type":"WebPage","@id":"https:\/\/codisoil.com\/adblue\/goblue\/producto\/equipo-automatico-suministro-bidon-adblue\/","url":"https:\/\/codisoil.com\/adblue\/goblue\/producto\/equipo-automatico-suministro-bidon-adblue\/","name":"Equipo suministro AdBlue (Bid\u00f3n) | Env\u00edo gratuito 48h - GoBlue","isPartOf":{"@id":"https:\/\/codisoil.com\/adblue\/goblue\/#website"},"primaryImageOfPage":{"@id":"https:\/\/codisoil.com\/adblue\/goblue\/producto\/equipo-automatico-suministro-bidon-adblue\/#primaryimage"},"image":{"@id":"https:\/\/codisoil.com\/adblue\/goblue\/producto\/equipo-automatico-suministro-bidon-adblue\/#primaryimage"},"thumbnailUrl":"https:\/\/codisoil.com\/adblue\/goblue\/wp-content\/uploads\/2020\/08\/equipo-de-suministro-para-bidon-de-adblue.jpg","datePublished":"2020-08-02T12:05:51+00:00","dateModified":"2025-10-15T16:44:11+00:00","description":"Este equipo de suministro de AdBlue incluye un c\u00f3modo carro (ajustable para bidones desde 60L a 200L) para mover el bid\u00f3n. Calidad Delphin Pro (Piusi).","breadcrumb":{"@id":"https:\/\/codisoil.com\/adblue\/goblue\/producto\/equipo-automatico-suministro-bidon-adblue\/#breadcrumb"},"inLanguage":"es","potentialAction":[{"@type":"ReadAction","target":["https:\/\/codisoil.com\/adblue\/goblue\/producto\/equipo-automatico-suministro-bidon-adblue\/"]}]},{"@type":"ImageObject","inLanguage":"es","@id":"https:\/\/codisoil.com\/adblue\/goblue\/producto\/equipo-automatico-suministro-bidon-adblue\/#primaryimage","url":"https:\/\/codisoil.com\/adblue\/goblue\/wp-content\/uploads\/2020\/08\/equipo-de-suministro-para-bidon-de-adblue.jpg","contentUrl":"https:\/\/codisoil.com\/adblue\/goblue\/wp-content\/uploads\/2020\/08\/equipo-de-suministro-para-bidon-de-adblue.jpg","width":470,"height":470,"caption":"equipo suministro adblue para bidon"},{"@type":"BreadcrumbList","@id":"https:\/\/codisoil.com\/adblue\/goblue\/producto\/equipo-automatico-suministro-bidon-adblue\/#breadcrumb","itemListElement":[{"@type":"ListItem","position":1,"name":"Portada","item":"https:\/\/codisoil.com\/adblue\/goblue\/"},{"@type":"ListItem","position":2,"name":"Tienda","item":"https:\/\/codisoil.com\/adblue\/goblue\/tienda\/"},{"@type":"ListItem","position":3,"name":"Equipo autom\u00e1tico de suministro para bid\u00f3n de AdBlue"}]},{"@type":"WebSite","@id":"https:\/\/codisoil.com\/adblue\/goblue\/#website","url":"https:\/\/codisoil.com\/adblue\/goblue\/","name":"GoBlue | Codisoil","description":"","publisher":{"@id":"https:\/\/codisoil.com\/adblue\/goblue\/#organization"},"potentialAction":[{"@type":"SearchAction","target":{"@type":"EntryPoint","urlTemplate":"https:\/\/codisoil.com\/adblue\/goblue\/?s={search_term_string}"},"query-input":{"@type":"PropertyValueSpecification","valueRequired":true,"valueName":"search_term_string"}}],"inLanguage":"es"},{"@type":"Organization","@id":"https:\/\/codisoil.com\/adblue\/goblue\/#organization","name":"GoBlue - Codisoil","url":"https:\/\/codisoil.com\/adblue\/goblue\/","logo":{"@type":"ImageObject","inLanguage":"es","@id":"https:\/\/codisoil.com\/adblue\/goblue\/#\/schema\/logo\/image\/","url":"https:\/\/codisoil.com\/adblue\/goblue\/wp-content\/uploads\/2021\/02\/GoBlueLogo-02.png","contentUrl":"https:\/\/codisoil.com\/adblue\/goblue\/wp-content\/uploads\/2021\/02\/GoBlueLogo-02.png","width":1000,"height":500,"caption":"GoBlue - Codisoil"},"image":{"@id":"https:\/\/codisoil.com\/adblue\/goblue\/#\/schema\/logo\/image\/"},"sameAs":["https:\/\/www.facebook.com\/Codisoil","https:\/\/www.instagram.com\/codisoil","https:\/\/www.linkedin.com\/company\/codisoil"]}]}},"_links":{"self":[{"href":"https:\/\/codisoil.com\/adblue\/goblue\/wp-json\/wp\/v2\/product\/755","targetHints":{"allow":["GET"]}}],"collection":[{"href":"https:\/\/codisoil.com\/adblue\/goblue\/wp-json\/wp\/v2\/product"}],"about":[{"href":"https:\/\/codisoil.com\/adblue\/goblue\/wp-json\/wp\/v2\/types\/product"}],"version-history":[{"count":3,"href":"https:\/\/codisoil.com\/adblue\/goblue\/wp-json\/wp\/v2\/product\/755\/revisions"}],"predecessor-version":[{"id":5156,"href":"https:\/\/codisoil.com\/adblue\/goblue\/wp-json\/wp\/v2\/product\/755\/revisions\/5156"}],"wp:featuredmedia":[{"embeddable":true,"href":"https:\/\/codisoil.com\/adblue\/goblue\/wp-json\/wp\/v2\/media\/735"}],"wp:attachment":[{"href":"https:\/\/codisoil.com\/adblue\/goblue\/wp-json\/wp\/v2\/media?parent=755"}],"wp:term":[{"taxonomy":"product_brand","embeddable":true,"href":"https:\/\/codisoil.com\/adblue\/goblue\/wp-json\/wp\/v2\/product_brand?post=755"},{"taxonomy":"product_cat","embeddable":true,"href":"https:\/\/codisoil.com\/adblue\/goblue\/wp-json\/wp\/v2\/product_cat?post=755"},{"taxonomy":"product_tag","embeddable":true,"href":"https:\/\/codisoil.com\/adblue\/goblue\/wp-json\/wp\/v2\/product_tag?post=755"}],"curies":[{"name":"wp","href":"https:\/\/api.w.org\/{rel}","templated":true}]}}