{"id":757,"date":"2020-08-02T12:05:51","date_gmt":"2020-08-02T12:05:51","guid":{"rendered":"https:\/\/adblue.aishii.org\/producto\/import-placeholder-for-732\/"},"modified":"2026-03-31T13:43:32","modified_gmt":"2026-03-31T11:43:32","slug":"pack-90-garrafas-adblue-10l","status":"publish","type":"product","link":"https:\/\/codisoil.com\/adblue\/goblue\/producto\/pack-90-garrafas-adblue-10l\/","title":{"rendered":"90 Garrafas de AdBlue de 10L"},"content":{"rendered":"<h2><span style=\"color: #404040; line-height: 1.4;\"><strong>Descripci\u00f3n del producto<\/strong><\/span><\/h2>\n<p><span style=\"color: #404040; line-height: 1.4;\">Pack de 90 garrafas de 10 litros de AdBlue GreenChem, con c\u00e1nula para facilitar el suministro. Este pack de envases de AdBlue es ideal para agricultura, concesionarios y venta individual en estaciones de servicio. Nuestros packs est\u00e1n pensados para que puedas comprar AdBlue m\u00e1s barato, sin perder la calidad que nos caracteriza. Las garrafas y envases de AdBlue son ideales para compras iniciales de AdBlue, por ejemplo, si no dispones de tu propio IBC o necesitas AdBlue en menores cantidades para uso personal o venta directa, este pack de 90 garrafas de AdBlue de 10L es ideal para ti.<\/span><\/p>\n<p><span style=\"color: #404040; line-height: 1.4;\">Nuestras garrafas y envases de AdBlue cuentan con\u00a0un 32,5% de Urea y est\u00e1n homologados y apoyados por los principales fabricantes del mercado, como Mercedes, MAN, IVECO, Ford, Isuzu, Nissan, etc&#8230;<\/span><\/p>\n<h2><span style=\"color: #404040; line-height: 1.4;\"><strong>Calidad del producto y distribuci\u00f3n<\/strong><\/span><\/h2>\n<p><span style=\"color: #404040; line-height: 1.4;\">Nuestro producto cumple siempre con la normativa VDA, de la industria alemana de automoci\u00f3n, y contiene el porcentaje de urea correcto (32,5%) para garantizar el cuidado de los veh\u00edculos y mantener las garant\u00edas del fabricante. Contamos con anal\u00edticas de cada lote a disponibilidad de nuestros clientes. Exigimos siempre a todos nuestros proveedores el certificado de calidad de producto.<\/span><\/p>\n<p><span style=\"color: #404040; line-height: 1.4;\">GoBlue es la marca exclusiva de reparto de adBlue de Codisoil S.A (uno de los mayores distribuidores del sector). Recuerda que nuestros env\u00edos son gratuitos.<\/span><\/p>\n","protected":false},"excerpt":{"rendered":"<p>El mejor AdBlue del mercado en envases de 10 litros y en pack de 90 unidades.<\/p>\n","protected":false},"featured_media":2992,"template":"","meta":{"_acf_changed":false,"_joinchat":[]},"product_brand":[],"product_cat":[14],"product_tag":[],"class_list":{"0":"post-757","1":"product","2":"type-product","3":"status-publish","4":"has-post-thumbnail","6":"product_cat-envases-de-adblue","8":"first","9":"instock","10":"taxable","11":"shipping-taxable","12":"purchasable","13":"product-type-simple"},"acf":[],"yoast_head":"<!-- This site is optimized with the Yoast SEO plugin v26.5 - https:\/\/yoast.com\/wordpress\/plugins\/seo\/ -->\n<title>Garrafas de AdBlue (Pack de 90) | Env\u00edo Gratis 48h | GoBlue<\/title>\n<meta name=\"description\" content=\"El mejor AdBlue del mercado en garrafas de 10 litros y en pack de 90 unidades. AdBlue con la garant\u00eda de calidad de AdBlue GreenChem.\" \/>\n<meta name=\"robots\" content=\"index, follow, max-snippet:-1, max-image-preview:large, max-video-preview:-1\" \/>\n<link rel=\"canonical\" href=\"https:\/\/codisoil.com\/adblue\/goblue\/producto\/pack-90-garrafas-adblue-10l\/\" \/>\n<meta property=\"og:locale\" content=\"es_ES\" \/>\n<meta property=\"og:type\" content=\"article\" \/>\n<meta property=\"og:title\" content=\"Garrafas de AdBlue (Pack de 90) | Env\u00edo Gratis 48h | GoBlue\" \/>\n<meta property=\"og:description\" content=\"El mejor AdBlue del mercado en garrafas de 10 litros y en pack de 90 unidades. AdBlue con la garant\u00eda de calidad de AdBlue GreenChem.\" \/>\n<meta property=\"og:url\" content=\"https:\/\/codisoil.com\/adblue\/goblue\/producto\/pack-90-garrafas-adblue-10l\/\" \/>\n<meta property=\"og:site_name\" content=\"GoBlue\" \/>\n<meta property=\"article:publisher\" content=\"https:\/\/www.facebook.com\/Codisoil\" \/>\n<meta property=\"article:modified_time\" content=\"2026-03-31T11:43:32+00:00\" \/>\n<meta property=\"og:image\" content=\"https:\/\/codisoil.com\/adblue\/goblue\/wp-content\/uploads\/2020\/08\/garrafa-5-litros-greenchem-01_x90__opt.jpg\" \/>\n\t<meta property=\"og:image:width\" content=\"820\" \/>\n\t<meta property=\"og:image:height\" content=\"820\" \/>\n\t<meta property=\"og:image:type\" content=\"image\/jpeg\" \/>\n<meta name=\"twitter:card\" content=\"summary_large_image\" \/>\n<meta name=\"twitter:label1\" content=\"Tiempo de lectura\" \/>\n\t<meta name=\"twitter:data1\" content=\"2 minutos\" \/>\n<script type=\"application\/ld+json\" class=\"yoast-schema-graph\">{\"@context\":\"https:\/\/schema.org\",\"@graph\":[{\"@type\":\"WebPage\",\"@id\":\"https:\/\/codisoil.com\/adblue\/goblue\/producto\/pack-90-garrafas-adblue-10l\/\",\"url\":\"https:\/\/codisoil.com\/adblue\/goblue\/producto\/pack-90-garrafas-adblue-10l\/\",\"name\":\"Garrafas de AdBlue (Pack de 90) | Env\u00edo Gratis 48h | GoBlue\",\"isPartOf\":{\"@id\":\"https:\/\/codisoil.com\/adblue\/goblue\/#website\"},\"primaryImageOfPage\":{\"@id\":\"https:\/\/codisoil.com\/adblue\/goblue\/producto\/pack-90-garrafas-adblue-10l\/#primaryimage\"},\"image\":{\"@id\":\"https:\/\/codisoil.com\/adblue\/goblue\/producto\/pack-90-garrafas-adblue-10l\/#primaryimage\"},\"thumbnailUrl\":\"https:\/\/codisoil.com\/adblue\/goblue\/wp-content\/uploads\/2020\/08\/garrafa-5-litros-greenchem-01_x90__opt.jpg\",\"datePublished\":\"2020-08-02T12:05:51+00:00\",\"dateModified\":\"2026-03-31T11:43:32+00:00\",\"description\":\"El mejor AdBlue del mercado en garrafas de 10 litros y en pack de 90 unidades. AdBlue con la garant\u00eda de calidad de AdBlue GreenChem.\",\"breadcrumb\":{\"@id\":\"https:\/\/codisoil.com\/adblue\/goblue\/producto\/pack-90-garrafas-adblue-10l\/#breadcrumb\"},\"inLanguage\":\"es\",\"potentialAction\":[{\"@type\":\"ReadAction\",\"target\":[\"https:\/\/codisoil.com\/adblue\/goblue\/producto\/pack-90-garrafas-adblue-10l\/\"]}]},{\"@type\":\"ImageObject\",\"inLanguage\":\"es\",\"@id\":\"https:\/\/codisoil.com\/adblue\/goblue\/producto\/pack-90-garrafas-adblue-10l\/#primaryimage\",\"url\":\"https:\/\/codisoil.com\/adblue\/goblue\/wp-content\/uploads\/2020\/08\/garrafa-5-litros-greenchem-01_x90__opt.jpg\",\"contentUrl\":\"https:\/\/codisoil.com\/adblue\/goblue\/wp-content\/uploads\/2020\/08\/garrafa-5-litros-greenchem-01_x90__opt.jpg\",\"width\":820,\"height\":820,\"caption\":\"garrafas adblue effinox\"},{\"@type\":\"BreadcrumbList\",\"@id\":\"https:\/\/codisoil.com\/adblue\/goblue\/producto\/pack-90-garrafas-adblue-10l\/#breadcrumb\",\"itemListElement\":[{\"@type\":\"ListItem\",\"position\":1,\"name\":\"Portada\",\"item\":\"https:\/\/codisoil.com\/adblue\/goblue\/\"},{\"@type\":\"ListItem\",\"position\":2,\"name\":\"Tienda\",\"item\":\"https:\/\/codisoil.com\/adblue\/goblue\/tienda\/\"},{\"@type\":\"ListItem\",\"position\":3,\"name\":\"90 Garrafas de AdBlue de 10L\"}]},{\"@type\":\"WebSite\",\"@id\":\"https:\/\/codisoil.com\/adblue\/goblue\/#website\",\"url\":\"https:\/\/codisoil.com\/adblue\/goblue\/\",\"name\":\"GoBlue | Codisoil\",\"description\":\"\",\"publisher\":{\"@id\":\"https:\/\/codisoil.com\/adblue\/goblue\/#organization\"},\"potentialAction\":[{\"@type\":\"SearchAction\",\"target\":{\"@type\":\"EntryPoint\",\"urlTemplate\":\"https:\/\/codisoil.com\/adblue\/goblue\/?s={search_term_string}\"},\"query-input\":{\"@type\":\"PropertyValueSpecification\",\"valueRequired\":true,\"valueName\":\"search_term_string\"}}],\"inLanguage\":\"es\"},{\"@type\":\"Organization\",\"@id\":\"https:\/\/codisoil.com\/adblue\/goblue\/#organization\",\"name\":\"GoBlue - Codisoil\",\"url\":\"https:\/\/codisoil.com\/adblue\/goblue\/\",\"logo\":{\"@type\":\"ImageObject\",\"inLanguage\":\"es\",\"@id\":\"https:\/\/codisoil.com\/adblue\/goblue\/#\/schema\/logo\/image\/\",\"url\":\"https:\/\/codisoil.com\/adblue\/goblue\/wp-content\/uploads\/2021\/02\/GoBlueLogo-02.png\",\"contentUrl\":\"https:\/\/codisoil.com\/adblue\/goblue\/wp-content\/uploads\/2021\/02\/GoBlueLogo-02.png\",\"width\":1000,\"height\":500,\"caption\":\"GoBlue - Codisoil\"},\"image\":{\"@id\":\"https:\/\/codisoil.com\/adblue\/goblue\/#\/schema\/logo\/image\/\"},\"sameAs\":[\"https:\/\/www.facebook.com\/Codisoil\",\"https:\/\/www.instagram.com\/codisoil\",\"https:\/\/www.linkedin.com\/company\/codisoil\"]}]}<\/script>\n<!-- \/ Yoast SEO plugin. -->","yoast_head_json":{"title":"Garrafas de AdBlue (Pack de 90) | Env\u00edo Gratis 48h | GoBlue","description":"El mejor AdBlue del mercado en garrafas de 10 litros y en pack de 90 unidades. AdBlue con la garant\u00eda de calidad de AdBlue GreenChem.","robots":{"index":"index","follow":"follow","max-snippet":"max-snippet:-1","max-image-preview":"max-image-preview:large","max-video-preview":"max-video-preview:-1"},"canonical":"https:\/\/codisoil.com\/adblue\/goblue\/producto\/pack-90-garrafas-adblue-10l\/","og_locale":"es_ES","og_type":"article","og_title":"Garrafas de AdBlue (Pack de 90) | Env\u00edo Gratis 48h | GoBlue","og_description":"El mejor AdBlue del mercado en garrafas de 10 litros y en pack de 90 unidades. AdBlue con la garant\u00eda de calidad de AdBlue GreenChem.","og_url":"https:\/\/codisoil.com\/adblue\/goblue\/producto\/pack-90-garrafas-adblue-10l\/","og_site_name":"GoBlue","article_publisher":"https:\/\/www.facebook.com\/Codisoil","article_modified_time":"2026-03-31T11:43:32+00:00","og_image":[{"width":820,"height":820,"url":"https:\/\/codisoil.com\/adblue\/goblue\/wp-content\/uploads\/2020\/08\/garrafa-5-litros-greenchem-01_x90__opt.jpg","type":"image\/jpeg"}],"twitter_card":"summary_large_image","twitter_misc":{"Tiempo de lectura":"2 minutos"},"schema":{"@context":"https:\/\/schema.org","@graph":[{"@type":"WebPage","@id":"https:\/\/codisoil.com\/adblue\/goblue\/producto\/pack-90-garrafas-adblue-10l\/","url":"https:\/\/codisoil.com\/adblue\/goblue\/producto\/pack-90-garrafas-adblue-10l\/","name":"Garrafas de AdBlue (Pack de 90) | Env\u00edo Gratis 48h | GoBlue","isPartOf":{"@id":"https:\/\/codisoil.com\/adblue\/goblue\/#website"},"primaryImageOfPage":{"@id":"https:\/\/codisoil.com\/adblue\/goblue\/producto\/pack-90-garrafas-adblue-10l\/#primaryimage"},"image":{"@id":"https:\/\/codisoil.com\/adblue\/goblue\/producto\/pack-90-garrafas-adblue-10l\/#primaryimage"},"thumbnailUrl":"https:\/\/codisoil.com\/adblue\/goblue\/wp-content\/uploads\/2020\/08\/garrafa-5-litros-greenchem-01_x90__opt.jpg","datePublished":"2020-08-02T12:05:51+00:00","dateModified":"2026-03-31T11:43:32+00:00","description":"El mejor AdBlue del mercado en garrafas de 10 litros y en pack de 90 unidades. AdBlue con la garant\u00eda de calidad de AdBlue GreenChem.","breadcrumb":{"@id":"https:\/\/codisoil.com\/adblue\/goblue\/producto\/pack-90-garrafas-adblue-10l\/#breadcrumb"},"inLanguage":"es","potentialAction":[{"@type":"ReadAction","target":["https:\/\/codisoil.com\/adblue\/goblue\/producto\/pack-90-garrafas-adblue-10l\/"]}]},{"@type":"ImageObject","inLanguage":"es","@id":"https:\/\/codisoil.com\/adblue\/goblue\/producto\/pack-90-garrafas-adblue-10l\/#primaryimage","url":"https:\/\/codisoil.com\/adblue\/goblue\/wp-content\/uploads\/2020\/08\/garrafa-5-litros-greenchem-01_x90__opt.jpg","contentUrl":"https:\/\/codisoil.com\/adblue\/goblue\/wp-content\/uploads\/2020\/08\/garrafa-5-litros-greenchem-01_x90__opt.jpg","width":820,"height":820,"caption":"garrafas adblue effinox"},{"@type":"BreadcrumbList","@id":"https:\/\/codisoil.com\/adblue\/goblue\/producto\/pack-90-garrafas-adblue-10l\/#breadcrumb","itemListElement":[{"@type":"ListItem","position":1,"name":"Portada","item":"https:\/\/codisoil.com\/adblue\/goblue\/"},{"@type":"ListItem","position":2,"name":"Tienda","item":"https:\/\/codisoil.com\/adblue\/goblue\/tienda\/"},{"@type":"ListItem","position":3,"name":"90 Garrafas de AdBlue de 10L"}]},{"@type":"WebSite","@id":"https:\/\/codisoil.com\/adblue\/goblue\/#website","url":"https:\/\/codisoil.com\/adblue\/goblue\/","name":"GoBlue | Codisoil","description":"","publisher":{"@id":"https:\/\/codisoil.com\/adblue\/goblue\/#organization"},"potentialAction":[{"@type":"SearchAction","target":{"@type":"EntryPoint","urlTemplate":"https:\/\/codisoil.com\/adblue\/goblue\/?s={search_term_string}"},"query-input":{"@type":"PropertyValueSpecification","valueRequired":true,"valueName":"search_term_string"}}],"inLanguage":"es"},{"@type":"Organization","@id":"https:\/\/codisoil.com\/adblue\/goblue\/#organization","name":"GoBlue - Codisoil","url":"https:\/\/codisoil.com\/adblue\/goblue\/","logo":{"@type":"ImageObject","inLanguage":"es","@id":"https:\/\/codisoil.com\/adblue\/goblue\/#\/schema\/logo\/image\/","url":"https:\/\/codisoil.com\/adblue\/goblue\/wp-content\/uploads\/2021\/02\/GoBlueLogo-02.png","contentUrl":"https:\/\/codisoil.com\/adblue\/goblue\/wp-content\/uploads\/2021\/02\/GoBlueLogo-02.png","width":1000,"height":500,"caption":"GoBlue - Codisoil"},"image":{"@id":"https:\/\/codisoil.com\/adblue\/goblue\/#\/schema\/logo\/image\/"},"sameAs":["https:\/\/www.facebook.com\/Codisoil","https:\/\/www.instagram.com\/codisoil","https:\/\/www.linkedin.com\/company\/codisoil"]}]}},"_links":{"self":[{"href":"https:\/\/codisoil.com\/adblue\/goblue\/wp-json\/wp\/v2\/product\/757","targetHints":{"allow":["GET"]}}],"collection":[{"href":"https:\/\/codisoil.com\/adblue\/goblue\/wp-json\/wp\/v2\/product"}],"about":[{"href":"https:\/\/codisoil.com\/adblue\/goblue\/wp-json\/wp\/v2\/types\/product"}],"version-history":[{"count":4,"href":"https:\/\/codisoil.com\/adblue\/goblue\/wp-json\/wp\/v2\/product\/757\/revisions"}],"predecessor-version":[{"id":5155,"href":"https:\/\/codisoil.com\/adblue\/goblue\/wp-json\/wp\/v2\/product\/757\/revisions\/5155"}],"wp:featuredmedia":[{"embeddable":true,"href":"https:\/\/codisoil.com\/adblue\/goblue\/wp-json\/wp\/v2\/media\/2992"}],"wp:attachment":[{"href":"https:\/\/codisoil.com\/adblue\/goblue\/wp-json\/wp\/v2\/media?parent=757"}],"wp:term":[{"taxonomy":"product_brand","embeddable":true,"href":"https:\/\/codisoil.com\/adblue\/goblue\/wp-json\/wp\/v2\/product_brand?post=757"},{"taxonomy":"product_cat","embeddable":true,"href":"https:\/\/codisoil.com\/adblue\/goblue\/wp-json\/wp\/v2\/product_cat?post=757"},{"taxonomy":"product_tag","embeddable":true,"href":"https:\/\/codisoil.com\/adblue\/goblue\/wp-json\/wp\/v2\/product_tag?post=757"}],"curies":[{"name":"wp","href":"https:\/\/api.w.org\/{rel}","templated":true}]}}