{"id":758,"date":"2020-08-02T12:05:52","date_gmt":"2020-08-02T12:05:52","guid":{"rendered":"https:\/\/adblue.aishii.org\/producto\/import-placeholder-for-778\/"},"modified":"2026-03-10T13:53:50","modified_gmt":"2026-03-10T12:53:50","slug":"adblue-a-granel","status":"publish","type":"product","link":"https:\/\/codisoil.com\/adblue\/goblue\/producto\/adblue-a-granel\/","title":{"rendered":"AdBlue a Granel"},"content":{"rendered":"<h4><span style=\"color: #404040; line-height: 1.4;\"><strong>Descripci\u00f3n del producto:<\/strong><\/span><\/h4>\n<p>Nuestro producto estrella. Miles de consumidores conf\u00edan en la calidad de nuestro AdBlue a granel debido a que es administrado por nuestra flota exclusiva de veh\u00edculos preparados para la distribuci\u00f3n de AdBlue.<\/p>\n<p>Con GoBlue podr\u00e1s solicitar tu AdBlue a Granel en cantidades superiores a 800L. Distribuimos en toda la pen\u00ednsula con la profesionalidad y experiencia de Codisoil, en un plazo aproximado de 48h\/72h.<\/p>\n<p><span style=\"color: #404040; line-height: 1.4;\">Nuestro AdBlue es marca Greenchem y est\u00e1 homologado y apoyado por los principales fabricantes del mercado, como Mercedes, MAN, IVECO, Ford, Isuzu, Nissan, etc&#8230;<\/span><\/p>\n<h4><span style=\"color: #404040; line-height: 1.4;\"><strong>Calidad del producto y distribuci\u00f3n:<\/strong><\/span><\/h4>\n<p><span style=\"color: #404040; line-height: 1.4;\">Nuestro producto cumple siempre con la normativa VDA, de la industria alemana de automoci\u00f3n, y contiene el porcentaje de urea correcto (32,5%) para garantizar el cuidado de los veh\u00edculos y mantener las garant\u00edas del fabricante. Contamos con anal\u00edticas de cada lote a disponibilidad de nuestros clientes. Exigimos siempre a todos nuestros proveedores el certificado de calidad de producto.<\/span><\/p>\n<p><span style=\"color: #404040; line-height: 1.4;\">GoBlue es la marca exclusiva de reparto de adBlue de Codisoil S.A. (uno de los mayores distribuidores del sector). Gracias a nuestra flota exclusiva y su volumetr\u00eda calibrada recibir\u00e1s los litros exactos, manteniendo toda la pureza de tu producto.\u00a0<\/span><\/p>\n<h4><span style=\"color: #404040; line-height: 1.4;\"><strong>Consejo de limpieza<\/strong>:<\/span><\/h4>\n<p><span style=\"color: #404040; line-height: 1.4;\">Durante el llenado del dep\u00f3sito, recuerda mantener el m\u00e1ximo nivel de limpieza para que no entre polvo ni elementos contaminantes. Recuerda tambi\u00e9n limpiar la boquilla de la bomba despu\u00e9s del llenado, sumergi\u00e9ndola en una cuba de agua desmineralizada para eliminar posibles restos blancos de AdBlue seco.<\/span><\/p>\n<p><span style=\"color: #404040; line-height: 1.4;\">Nuestros clientes nos eligen por la profesionalidad y experiencia en este negocio. El cliente puede saber en todo momento d\u00f3nde se encuentra su pedido y cu\u00e1ndo lo recibir\u00e1. Gestionamos y repartimos el pedido con medios propios.<\/span><\/p>\n<h4><span style=\"color: #707b8e; font-size: 16px;\">Si necesitas un pedido superior a 1.500L, ll\u00e1manos o escr\u00edbenos y atenderemos tu solicitud.<\/span><\/h4>\n<p>&nbsp;<\/p>\n","protected":false},"excerpt":{"rendered":"<p>Descripci\u00f3n del producto: Nuestro producto estrella. Miles de consumidores conf\u00edan en la calidad de nuestro AdBlue a granel debido a que es administrado por nuestra flota exclusiva de veh\u00edculos preparados para la distribuci\u00f3n de AdBlue. Con GoBlue podr\u00e1s solicitar tu AdBlue a Granel en cantidades superiores a 800L. Distribuimos en toda la pen\u00ednsula con la [&hellip;]<\/p>\n","protected":false},"featured_media":1088,"template":"","meta":{"_acf_changed":false,"_joinchat":[]},"product_brand":[],"product_cat":[16],"product_tag":[],"class_list":{"0":"post-758","1":"product","2":"type-product","3":"status-publish","4":"has-post-thumbnail","6":"product_cat-adblue-a-granel","8":"first","9":"instock","10":"taxable","11":"shipping-taxable","12":"purchasable","13":"product-type-variable"},"acf":[],"yoast_head":"<!-- This site is optimized with the Yoast SEO plugin v26.5 - https:\/\/yoast.com\/wordpress\/plugins\/seo\/ -->\n<title>AdBlue a Granel | AdBlue en gran cantidad | Env\u00edo gratis 48h - GoBlue<\/title>\n<meta name=\"description\" content=\"AdBlue a Granel de m\u00e1s de 800 L. Calidad GreenChem. Litros exactos gracias a nuestra volumetr\u00eda calibrada. Pide y te enviamos entre 48\/72 horas.\" \/>\n<meta name=\"robots\" content=\"index, follow, max-snippet:-1, max-image-preview:large, max-video-preview:-1\" \/>\n<link rel=\"canonical\" href=\"https:\/\/codisoil.com\/adblue\/goblue\/producto\/adblue-a-granel\/\" \/>\n<meta property=\"og:locale\" content=\"es_ES\" \/>\n<meta property=\"og:type\" content=\"article\" \/>\n<meta property=\"og:title\" content=\"AdBlue a Granel | AdBlue en gran cantidad | Env\u00edo gratis 48h - GoBlue\" \/>\n<meta property=\"og:description\" content=\"AdBlue a Granel de m\u00e1s de 800 L. Calidad GreenChem. Litros exactos gracias a nuestra volumetr\u00eda calibrada. Pide y te enviamos entre 48\/72 horas.\" \/>\n<meta property=\"og:url\" content=\"https:\/\/codisoil.com\/adblue\/goblue\/producto\/adblue-a-granel\/\" \/>\n<meta property=\"og:site_name\" content=\"GoBlue\" \/>\n<meta property=\"article:publisher\" content=\"https:\/\/www.facebook.com\/Codisoil\" \/>\n<meta property=\"article:modified_time\" content=\"2026-03-10T12:53:50+00:00\" \/>\n<meta property=\"og:image\" content=\"https:\/\/codisoil.com\/adblue\/goblue\/wp-content\/uploads\/2020\/08\/granel-03.png\" \/>\n\t<meta property=\"og:image:width\" content=\"1000\" \/>\n\t<meta property=\"og:image:height\" content=\"1000\" \/>\n\t<meta property=\"og:image:type\" content=\"image\/png\" \/>\n<meta name=\"twitter:card\" content=\"summary_large_image\" \/>\n<meta name=\"twitter:label1\" content=\"Tiempo de lectura\" \/>\n\t<meta name=\"twitter:data1\" content=\"2 minutos\" \/>\n<script type=\"application\/ld+json\" class=\"yoast-schema-graph\">{\"@context\":\"https:\/\/schema.org\",\"@graph\":[{\"@type\":\"WebPage\",\"@id\":\"https:\/\/codisoil.com\/adblue\/goblue\/producto\/adblue-a-granel\/\",\"url\":\"https:\/\/codisoil.com\/adblue\/goblue\/producto\/adblue-a-granel\/\",\"name\":\"AdBlue a Granel | AdBlue en gran cantidad | Env\u00edo gratis 48h - GoBlue\",\"isPartOf\":{\"@id\":\"https:\/\/codisoil.com\/adblue\/goblue\/#website\"},\"primaryImageOfPage\":{\"@id\":\"https:\/\/codisoil.com\/adblue\/goblue\/producto\/adblue-a-granel\/#primaryimage\"},\"image\":{\"@id\":\"https:\/\/codisoil.com\/adblue\/goblue\/producto\/adblue-a-granel\/#primaryimage\"},\"thumbnailUrl\":\"https:\/\/codisoil.com\/adblue\/goblue\/wp-content\/uploads\/2020\/08\/granel-03.png\",\"datePublished\":\"2020-08-02T12:05:52+00:00\",\"dateModified\":\"2026-03-10T12:53:50+00:00\",\"description\":\"AdBlue a Granel de m\u00e1s de 800 L. Calidad GreenChem. Litros exactos gracias a nuestra volumetr\u00eda calibrada. Pide y te enviamos entre 48\/72 horas.\",\"breadcrumb\":{\"@id\":\"https:\/\/codisoil.com\/adblue\/goblue\/producto\/adblue-a-granel\/#breadcrumb\"},\"inLanguage\":\"es\",\"potentialAction\":[{\"@type\":\"ReadAction\",\"target\":[\"https:\/\/codisoil.com\/adblue\/goblue\/producto\/adblue-a-granel\/\"]}]},{\"@type\":\"ImageObject\",\"inLanguage\":\"es\",\"@id\":\"https:\/\/codisoil.com\/adblue\/goblue\/producto\/adblue-a-granel\/#primaryimage\",\"url\":\"https:\/\/codisoil.com\/adblue\/goblue\/wp-content\/uploads\/2020\/08\/granel-03.png\",\"contentUrl\":\"https:\/\/codisoil.com\/adblue\/goblue\/wp-content\/uploads\/2020\/08\/granel-03.png\",\"width\":1000,\"height\":1000,\"caption\":\"AdBlue a granel, gran cantidad de AdBlue fertiberia\"},{\"@type\":\"BreadcrumbList\",\"@id\":\"https:\/\/codisoil.com\/adblue\/goblue\/producto\/adblue-a-granel\/#breadcrumb\",\"itemListElement\":[{\"@type\":\"ListItem\",\"position\":1,\"name\":\"Portada\",\"item\":\"https:\/\/codisoil.com\/adblue\/goblue\/\"},{\"@type\":\"ListItem\",\"position\":2,\"name\":\"Tienda\",\"item\":\"https:\/\/codisoil.com\/adblue\/goblue\/tienda\/\"},{\"@type\":\"ListItem\",\"position\":3,\"name\":\"AdBlue a Granel\"}]},{\"@type\":\"WebSite\",\"@id\":\"https:\/\/codisoil.com\/adblue\/goblue\/#website\",\"url\":\"https:\/\/codisoil.com\/adblue\/goblue\/\",\"name\":\"GoBlue | Codisoil\",\"description\":\"\",\"publisher\":{\"@id\":\"https:\/\/codisoil.com\/adblue\/goblue\/#organization\"},\"potentialAction\":[{\"@type\":\"SearchAction\",\"target\":{\"@type\":\"EntryPoint\",\"urlTemplate\":\"https:\/\/codisoil.com\/adblue\/goblue\/?s={search_term_string}\"},\"query-input\":{\"@type\":\"PropertyValueSpecification\",\"valueRequired\":true,\"valueName\":\"search_term_string\"}}],\"inLanguage\":\"es\"},{\"@type\":\"Organization\",\"@id\":\"https:\/\/codisoil.com\/adblue\/goblue\/#organization\",\"name\":\"GoBlue - Codisoil\",\"url\":\"https:\/\/codisoil.com\/adblue\/goblue\/\",\"logo\":{\"@type\":\"ImageObject\",\"inLanguage\":\"es\",\"@id\":\"https:\/\/codisoil.com\/adblue\/goblue\/#\/schema\/logo\/image\/\",\"url\":\"https:\/\/codisoil.com\/adblue\/goblue\/wp-content\/uploads\/2021\/02\/GoBlueLogo-02.png\",\"contentUrl\":\"https:\/\/codisoil.com\/adblue\/goblue\/wp-content\/uploads\/2021\/02\/GoBlueLogo-02.png\",\"width\":1000,\"height\":500,\"caption\":\"GoBlue - Codisoil\"},\"image\":{\"@id\":\"https:\/\/codisoil.com\/adblue\/goblue\/#\/schema\/logo\/image\/\"},\"sameAs\":[\"https:\/\/www.facebook.com\/Codisoil\",\"https:\/\/www.instagram.com\/codisoil\",\"https:\/\/www.linkedin.com\/company\/codisoil\"]}]}<\/script>\n<!-- \/ Yoast SEO plugin. -->","yoast_head_json":{"title":"AdBlue a Granel | AdBlue en gran cantidad | Env\u00edo gratis 48h - GoBlue","description":"AdBlue a Granel de m\u00e1s de 800 L. Calidad GreenChem. Litros exactos gracias a nuestra volumetr\u00eda calibrada. Pide y te enviamos entre 48\/72 horas.","robots":{"index":"index","follow":"follow","max-snippet":"max-snippet:-1","max-image-preview":"max-image-preview:large","max-video-preview":"max-video-preview:-1"},"canonical":"https:\/\/codisoil.com\/adblue\/goblue\/producto\/adblue-a-granel\/","og_locale":"es_ES","og_type":"article","og_title":"AdBlue a Granel | AdBlue en gran cantidad | Env\u00edo gratis 48h - GoBlue","og_description":"AdBlue a Granel de m\u00e1s de 800 L. Calidad GreenChem. Litros exactos gracias a nuestra volumetr\u00eda calibrada. Pide y te enviamos entre 48\/72 horas.","og_url":"https:\/\/codisoil.com\/adblue\/goblue\/producto\/adblue-a-granel\/","og_site_name":"GoBlue","article_publisher":"https:\/\/www.facebook.com\/Codisoil","article_modified_time":"2026-03-10T12:53:50+00:00","og_image":[{"width":1000,"height":1000,"url":"https:\/\/codisoil.com\/adblue\/goblue\/wp-content\/uploads\/2020\/08\/granel-03.png","type":"image\/png"}],"twitter_card":"summary_large_image","twitter_misc":{"Tiempo de lectura":"2 minutos"},"schema":{"@context":"https:\/\/schema.org","@graph":[{"@type":"WebPage","@id":"https:\/\/codisoil.com\/adblue\/goblue\/producto\/adblue-a-granel\/","url":"https:\/\/codisoil.com\/adblue\/goblue\/producto\/adblue-a-granel\/","name":"AdBlue a Granel | AdBlue en gran cantidad | Env\u00edo gratis 48h - GoBlue","isPartOf":{"@id":"https:\/\/codisoil.com\/adblue\/goblue\/#website"},"primaryImageOfPage":{"@id":"https:\/\/codisoil.com\/adblue\/goblue\/producto\/adblue-a-granel\/#primaryimage"},"image":{"@id":"https:\/\/codisoil.com\/adblue\/goblue\/producto\/adblue-a-granel\/#primaryimage"},"thumbnailUrl":"https:\/\/codisoil.com\/adblue\/goblue\/wp-content\/uploads\/2020\/08\/granel-03.png","datePublished":"2020-08-02T12:05:52+00:00","dateModified":"2026-03-10T12:53:50+00:00","description":"AdBlue a Granel de m\u00e1s de 800 L. Calidad GreenChem. Litros exactos gracias a nuestra volumetr\u00eda calibrada. Pide y te enviamos entre 48\/72 horas.","breadcrumb":{"@id":"https:\/\/codisoil.com\/adblue\/goblue\/producto\/adblue-a-granel\/#breadcrumb"},"inLanguage":"es","potentialAction":[{"@type":"ReadAction","target":["https:\/\/codisoil.com\/adblue\/goblue\/producto\/adblue-a-granel\/"]}]},{"@type":"ImageObject","inLanguage":"es","@id":"https:\/\/codisoil.com\/adblue\/goblue\/producto\/adblue-a-granel\/#primaryimage","url":"https:\/\/codisoil.com\/adblue\/goblue\/wp-content\/uploads\/2020\/08\/granel-03.png","contentUrl":"https:\/\/codisoil.com\/adblue\/goblue\/wp-content\/uploads\/2020\/08\/granel-03.png","width":1000,"height":1000,"caption":"AdBlue a granel, gran cantidad de AdBlue fertiberia"},{"@type":"BreadcrumbList","@id":"https:\/\/codisoil.com\/adblue\/goblue\/producto\/adblue-a-granel\/#breadcrumb","itemListElement":[{"@type":"ListItem","position":1,"name":"Portada","item":"https:\/\/codisoil.com\/adblue\/goblue\/"},{"@type":"ListItem","position":2,"name":"Tienda","item":"https:\/\/codisoil.com\/adblue\/goblue\/tienda\/"},{"@type":"ListItem","position":3,"name":"AdBlue a Granel"}]},{"@type":"WebSite","@id":"https:\/\/codisoil.com\/adblue\/goblue\/#website","url":"https:\/\/codisoil.com\/adblue\/goblue\/","name":"GoBlue | Codisoil","description":"","publisher":{"@id":"https:\/\/codisoil.com\/adblue\/goblue\/#organization"},"potentialAction":[{"@type":"SearchAction","target":{"@type":"EntryPoint","urlTemplate":"https:\/\/codisoil.com\/adblue\/goblue\/?s={search_term_string}"},"query-input":{"@type":"PropertyValueSpecification","valueRequired":true,"valueName":"search_term_string"}}],"inLanguage":"es"},{"@type":"Organization","@id":"https:\/\/codisoil.com\/adblue\/goblue\/#organization","name":"GoBlue - Codisoil","url":"https:\/\/codisoil.com\/adblue\/goblue\/","logo":{"@type":"ImageObject","inLanguage":"es","@id":"https:\/\/codisoil.com\/adblue\/goblue\/#\/schema\/logo\/image\/","url":"https:\/\/codisoil.com\/adblue\/goblue\/wp-content\/uploads\/2021\/02\/GoBlueLogo-02.png","contentUrl":"https:\/\/codisoil.com\/adblue\/goblue\/wp-content\/uploads\/2021\/02\/GoBlueLogo-02.png","width":1000,"height":500,"caption":"GoBlue - Codisoil"},"image":{"@id":"https:\/\/codisoil.com\/adblue\/goblue\/#\/schema\/logo\/image\/"},"sameAs":["https:\/\/www.facebook.com\/Codisoil","https:\/\/www.instagram.com\/codisoil","https:\/\/www.linkedin.com\/company\/codisoil"]}]}},"_links":{"self":[{"href":"https:\/\/codisoil.com\/adblue\/goblue\/wp-json\/wp\/v2\/product\/758","targetHints":{"allow":["GET"]}}],"collection":[{"href":"https:\/\/codisoil.com\/adblue\/goblue\/wp-json\/wp\/v2\/product"}],"about":[{"href":"https:\/\/codisoil.com\/adblue\/goblue\/wp-json\/wp\/v2\/types\/product"}],"version-history":[{"count":6,"href":"https:\/\/codisoil.com\/adblue\/goblue\/wp-json\/wp\/v2\/product\/758\/revisions"}],"predecessor-version":[{"id":4138,"href":"https:\/\/codisoil.com\/adblue\/goblue\/wp-json\/wp\/v2\/product\/758\/revisions\/4138"}],"wp:featuredmedia":[{"embeddable":true,"href":"https:\/\/codisoil.com\/adblue\/goblue\/wp-json\/wp\/v2\/media\/1088"}],"wp:attachment":[{"href":"https:\/\/codisoil.com\/adblue\/goblue\/wp-json\/wp\/v2\/media?parent=758"}],"wp:term":[{"taxonomy":"product_brand","embeddable":true,"href":"https:\/\/codisoil.com\/adblue\/goblue\/wp-json\/wp\/v2\/product_brand?post=758"},{"taxonomy":"product_cat","embeddable":true,"href":"https:\/\/codisoil.com\/adblue\/goblue\/wp-json\/wp\/v2\/product_cat?post=758"},{"taxonomy":"product_tag","embeddable":true,"href":"https:\/\/codisoil.com\/adblue\/goblue\/wp-json\/wp\/v2\/product_tag?post=758"}],"curies":[{"name":"wp","href":"https:\/\/api.w.org\/{rel}","templated":true}]}}